{"id":10,"date":"2023-03-23T20:04:59","date_gmt":"2023-03-23T23:04:59","guid":{"rendered":"http:\/\/itapecerica.turismoguiado.com.br\/?page_id=10"},"modified":"2023-03-27T11:57:19","modified_gmt":"2023-03-27T14:57:19","slug":"predios-historicos","status":"publish","type":"page","link":"http:\/\/itapecerica.turismoguiado.com.br\/en\/predios-historicos\/","title":{"rendered":"Historic Buildings"},"content":{"rendered":"<p>Os pr\u00e9dios hist\u00f3ricos s\u00e3o uma parte importante do patrim\u00f4nio cultural de uma sociedade. Eles n\u00e3o s\u00f3 representam a hist\u00f3ria e a arquitetura da \u00e9poca em que foram constru\u00eddos, mas tamb\u00e9m s\u00e3o uma fonte de beleza est\u00e9tica e um ponto de refer\u00eancia para a identidade e a comunidade locais. Confira a lista abaixo dos pr\u00e9dios hist\u00f3ricos do munic\u00edpio de Itapecerica da Serra-SP:<\/p>\n\n\n\n<p><br><a href=\"http:\/\/itapecerica.turismoguiado.com.br\/en\/biblioteca-municipal-arthur-ricci-de-camargo\/\" data-type=\"URL\" data-id=\"http:\/\/itapecerica.turismoguiado.com.br\/biblioteca-municipal-arthur-ricci-de-camargo\/\">Biblioteca Municipal<\/a><\/p>\n\n\n\n<p><a href=\"http:\/\/itapecerica.turismoguiado.com.br\/en\/camara-municipal\/\">C\u00e2mara Municipal<\/a><\/p>\n\n\n\n<p><a href=\"http:\/\/itapecerica.turismoguiado.com.br\/en\/emac-escola-municipal-de-arte-e-cultura\/\">EMAC &#8211; Escola Municipal de Arte e Cultura<\/a><\/p>\n\n\n\n<p>Esta\u00e7\u00e3o Aldeinha<br><a href=\"http:\/\/itapecerica.turismoguiado.com.br\/en\/museu-historico-e-da-memoria\/\" data-type=\"URL\" data-id=\"http:\/\/itapecerica.turismoguiado.com.br\/museu-historico-e-da-memoria\/\">Museu Hist\u00f3rico e da Mem\u00f3ria<\/a><\/p>\n\n\n\n<p><a href=\"http:\/\/itapecerica.turismoguiado.com.br\/en\/secretaria-de-turismo-casa-de-taipa\/\">Secretaria de Turismo<\/a><\/p>","protected":false},"excerpt":{"rendered":"<p>Os pr\u00e9dios hist\u00f3ricos s\u00e3o uma parte importante do patrim\u00f4nio cultural de uma sociedade. Eles n\u00e3o s\u00f3 representam a hist\u00f3ria e a arquitetura da \u00e9poca em que foram constru\u00eddos, mas tamb\u00e9m s\u00e3o uma fonte de beleza est\u00e9tica e um ponto de refer\u00eancia para a identidade e &hellip; <\/p>","protected":false},"author":1,"featured_media":0,"parent":0,"menu_order":0,"comment_status":"closed","ping_status":"closed","template":"","meta":{"footnotes":""},"class_list":["post-10","page","type-page","status-publish","hentry"],"yoast_head":"<!-- This site is optimized with the Yoast SEO plugin v24.8.1 - https:\/\/yoast.com\/wordpress\/plugins\/seo\/ -->\n<title>Pr\u00e9dios Hist\u00f3ricos - Itapecerica da Serra - Turismo Guiado<\/title>\n<meta name=\"robots\" content=\"index, follow, max-snippet:-1, max-image-preview:large, max-video-preview:-1\" \/>\n<link rel=\"canonical\" href=\"http:\/\/itapecerica.turismoguiado.com.br\/en\/predios-historicos\/\" \/>\n<meta property=\"og:locale\" content=\"en_US\" \/>\n<meta property=\"og:type\" content=\"article\" \/>\n<meta property=\"og:title\" content=\"Pr\u00e9dios Hist\u00f3ricos - Itapecerica da Serra - Turismo Guiado\" \/>\n<meta property=\"og:description\" content=\"Os pr\u00e9dios hist\u00f3ricos s\u00e3o uma parte importante do patrim\u00f4nio cultural de uma sociedade. Eles n\u00e3o s\u00f3 representam a hist\u00f3ria e a arquitetura da \u00e9poca em que foram constru\u00eddos, mas tamb\u00e9m s\u00e3o uma fonte de beleza est\u00e9tica e um ponto de refer\u00eancia para a identidade e &hellip;\" \/>\n<meta property=\"og:url\" content=\"http:\/\/itapecerica.turismoguiado.com.br\/en\/predios-historicos\/\" \/>\n<meta property=\"og:site_name\" content=\"Itapecerica da Serra - Turismo Guiado\" \/>\n<meta property=\"article:modified_time\" content=\"2023-03-27T14:57:19+00:00\" \/>\n<meta name=\"twitter:card\" content=\"summary_large_image\" \/>\n<meta name=\"twitter:label1\" content=\"Est. reading time\" \/>\n\t<meta name=\"twitter:data1\" content=\"1 minute\" \/>\n<script type=\"application\/ld+json\" class=\"yoast-schema-graph\">{\"@context\":\"https:\/\/schema.org\",\"@graph\":[{\"@type\":\"WebPage\",\"@id\":\"http:\/\/itapecerica.turismoguiado.com.br\/predios-historicos\/\",\"url\":\"http:\/\/itapecerica.turismoguiado.com.br\/predios-historicos\/\",\"name\":\"Pr\u00e9dios Hist\u00f3ricos - Itapecerica da Serra - Turismo Guiado\",\"isPartOf\":{\"@id\":\"http:\/\/itapecerica.turismoguiado.com.br\/#website\"},\"datePublished\":\"2023-03-23T23:04:59+00:00\",\"dateModified\":\"2023-03-27T14:57:19+00:00\",\"breadcrumb\":{\"@id\":\"http:\/\/itapecerica.turismoguiado.com.br\/predios-historicos\/#breadcrumb\"},\"inLanguage\":\"en-US\",\"potentialAction\":[{\"@type\":\"ReadAction\",\"target\":[\"http:\/\/itapecerica.turismoguiado.com.br\/predios-historicos\/\"]}]},{\"@type\":\"BreadcrumbList\",\"@id\":\"http:\/\/itapecerica.turismoguiado.com.br\/predios-historicos\/#breadcrumb\",\"itemListElement\":[{\"@type\":\"ListItem\",\"position\":1,\"name\":\"In\u00edcio\",\"item\":\"http:\/\/itapecerica.turismoguiado.com.br\/\"},{\"@type\":\"ListItem\",\"position\":2,\"name\":\"Pr\u00e9dios Hist\u00f3ricos\"}]},{\"@type\":\"WebSite\",\"@id\":\"http:\/\/itapecerica.turismoguiado.com.br\/#website\",\"url\":\"http:\/\/itapecerica.turismoguiado.com.br\/\",\"name\":\"Itapecerica da Serra - Turismo Guiado\",\"description\":\"\",\"publisher\":{\"@id\":\"http:\/\/itapecerica.turismoguiado.com.br\/#organization\"},\"potentialAction\":[{\"@type\":\"SearchAction\",\"target\":{\"@type\":\"EntryPoint\",\"urlTemplate\":\"http:\/\/itapecerica.turismoguiado.com.br\/?s={search_term_string}\"},\"query-input\":{\"@type\":\"PropertyValueSpecification\",\"valueRequired\":true,\"valueName\":\"search_term_string\"}}],\"inLanguage\":\"en-US\"},{\"@type\":\"Organization\",\"@id\":\"http:\/\/itapecerica.turismoguiado.com.br\/#organization\",\"name\":\"Turismo Guiado\",\"url\":\"http:\/\/itapecerica.turismoguiado.com.br\/\",\"logo\":{\"@type\":\"ImageObject\",\"inLanguage\":\"en-US\",\"@id\":\"http:\/\/itapecerica.turismoguiado.com.br\/#\/schema\/logo\/image\/\",\"url\":\"http:\/\/itapecerica.turismoguiado.com.br\/wp-content\/uploads\/2023\/07\/turismo-guiado-nome-de-cidade.png\",\"contentUrl\":\"http:\/\/itapecerica.turismoguiado.com.br\/wp-content\/uploads\/2023\/07\/turismo-guiado-nome-de-cidade.png\",\"width\":1080,\"height\":1080,\"caption\":\"Turismo Guiado\"},\"image\":{\"@id\":\"http:\/\/itapecerica.turismoguiado.com.br\/#\/schema\/logo\/image\/\"},\"sameAs\":[\"https:\/\/instagram.com\/turismoitapecerica\"]}]}<\/script>\n<!-- \/ Yoast SEO plugin. -->","yoast_head_json":{"title":"Pr\u00e9dios Hist\u00f3ricos - Itapecerica da Serra - Turismo Guiado","robots":{"index":"index","follow":"follow","max-snippet":"max-snippet:-1","max-image-preview":"max-image-preview:large","max-video-preview":"max-video-preview:-1"},"canonical":"http:\/\/itapecerica.turismoguiado.com.br\/en\/predios-historicos\/","og_locale":"en_US","og_type":"article","og_title":"Pr\u00e9dios Hist\u00f3ricos - Itapecerica da Serra - Turismo Guiado","og_description":"Os pr\u00e9dios hist\u00f3ricos s\u00e3o uma parte importante do patrim\u00f4nio cultural de uma sociedade. Eles n\u00e3o s\u00f3 representam a hist\u00f3ria e a arquitetura da \u00e9poca em que foram constru\u00eddos, mas tamb\u00e9m s\u00e3o uma fonte de beleza est\u00e9tica e um ponto de refer\u00eancia para a identidade e &hellip;","og_url":"http:\/\/itapecerica.turismoguiado.com.br\/en\/predios-historicos\/","og_site_name":"Itapecerica da Serra - Turismo Guiado","article_modified_time":"2023-03-27T14:57:19+00:00","twitter_card":"summary_large_image","twitter_misc":{"Est. reading time":"1 minute"},"schema":{"@context":"https:\/\/schema.org","@graph":[{"@type":"WebPage","@id":"http:\/\/itapecerica.turismoguiado.com.br\/predios-historicos\/","url":"http:\/\/itapecerica.turismoguiado.com.br\/predios-historicos\/","name":"Pr\u00e9dios Hist\u00f3ricos - Itapecerica da Serra - Turismo Guiado","isPartOf":{"@id":"http:\/\/itapecerica.turismoguiado.com.br\/#website"},"datePublished":"2023-03-23T23:04:59+00:00","dateModified":"2023-03-27T14:57:19+00:00","breadcrumb":{"@id":"http:\/\/itapecerica.turismoguiado.com.br\/predios-historicos\/#breadcrumb"},"inLanguage":"en-US","potentialAction":[{"@type":"ReadAction","target":["http:\/\/itapecerica.turismoguiado.com.br\/predios-historicos\/"]}]},{"@type":"BreadcrumbList","@id":"http:\/\/itapecerica.turismoguiado.com.br\/predios-historicos\/#breadcrumb","itemListElement":[{"@type":"ListItem","position":1,"name":"In\u00edcio","item":"http:\/\/itapecerica.turismoguiado.com.br\/"},{"@type":"ListItem","position":2,"name":"Pr\u00e9dios Hist\u00f3ricos"}]},{"@type":"WebSite","@id":"http:\/\/itapecerica.turismoguiado.com.br\/#website","url":"http:\/\/itapecerica.turismoguiado.com.br\/","name":"Itapecerica da Serra - Turismo Guiado","description":"","publisher":{"@id":"http:\/\/itapecerica.turismoguiado.com.br\/#organization"},"potentialAction":[{"@type":"SearchAction","target":{"@type":"EntryPoint","urlTemplate":"http:\/\/itapecerica.turismoguiado.com.br\/?s={search_term_string}"},"query-input":{"@type":"PropertyValueSpecification","valueRequired":true,"valueName":"search_term_string"}}],"inLanguage":"en-US"},{"@type":"Organization","@id":"http:\/\/itapecerica.turismoguiado.com.br\/#organization","name":"Turismo Guiado","url":"http:\/\/itapecerica.turismoguiado.com.br\/","logo":{"@type":"ImageObject","inLanguage":"en-US","@id":"http:\/\/itapecerica.turismoguiado.com.br\/#\/schema\/logo\/image\/","url":"http:\/\/itapecerica.turismoguiado.com.br\/wp-content\/uploads\/2023\/07\/turismo-guiado-nome-de-cidade.png","contentUrl":"http:\/\/itapecerica.turismoguiado.com.br\/wp-content\/uploads\/2023\/07\/turismo-guiado-nome-de-cidade.png","width":1080,"height":1080,"caption":"Turismo Guiado"},"image":{"@id":"http:\/\/itapecerica.turismoguiado.com.br\/#\/schema\/logo\/image\/"},"sameAs":["https:\/\/instagram.com\/turismoitapecerica"]}]}},"_links":{"self":[{"href":"http:\/\/itapecerica.turismoguiado.com.br\/en\/wp-json\/wp\/v2\/pages\/10","targetHints":{"allow":["GET"]}}],"collection":[{"href":"http:\/\/itapecerica.turismoguiado.com.br\/en\/wp-json\/wp\/v2\/pages"}],"about":[{"href":"http:\/\/itapecerica.turismoguiado.com.br\/en\/wp-json\/wp\/v2\/types\/page"}],"author":[{"embeddable":true,"href":"http:\/\/itapecerica.turismoguiado.com.br\/en\/wp-json\/wp\/v2\/users\/1"}],"replies":[{"embeddable":true,"href":"http:\/\/itapecerica.turismoguiado.com.br\/en\/wp-json\/wp\/v2\/comments?post=10"}],"version-history":[{"count":4,"href":"http:\/\/itapecerica.turismoguiado.com.br\/en\/wp-json\/wp\/v2\/pages\/10\/revisions"}],"predecessor-version":[{"id":154,"href":"http:\/\/itapecerica.turismoguiado.com.br\/en\/wp-json\/wp\/v2\/pages\/10\/revisions\/154"}],"wp:attachment":[{"href":"http:\/\/itapecerica.turismoguiado.com.br\/en\/wp-json\/wp\/v2\/media?parent=10"}],"curies":[{"name":"wp","href":"https:\/\/api.w.org\/{rel}","templated":true}]}}