{"id":12,"date":"2023-03-23T20:04:59","date_gmt":"2023-03-23T23:04:59","guid":{"rendered":"http:\/\/itapecerica.turismoguiado.com.br\/?page_id=12"},"modified":"2023-06-27T23:12:15","modified_gmt":"2023-06-28T02:12:15","slug":"onde-encontrar","status":"publish","type":"page","link":"http:\/\/itapecerica.turismoguiado.com.br\/en\/onde-encontrar\/","title":{"rendered":"WHERE TO FIND?"},"content":{"rendered":"<p>The Turismo Guiado nameplate provides basic information for the visitor to learn more about each historic building or tourist attraction. The plaque is located, preferably, at the entrances of each location.<\/p>\n\n\n\n<p>It is also available on this same platform, in the upper right corner, the search field. The search field allows you to search for information by the name of the attraction, without the need to read the QR Code.<\/p>","protected":false},"excerpt":{"rendered":"<p>A placa de identifica\u00e7\u00e3o do Turismo Auto Guiado, fornece informa\u00e7\u00f5es b\u00e1sicas para o visitante saber mais sobre cada pr\u00e9dio hist\u00f3rico ou atrativo tur\u00edstico. A placa est\u00e1 localizada, preferencialmente, nas entradas de cada local. Tamb\u00e9m est\u00e1 dispon\u00edvel nesta mesma plataforma, no canto superior direito, o campo &hellip; <\/p>","protected":false},"author":1,"featured_media":185,"parent":0,"menu_order":0,"comment_status":"closed","ping_status":"closed","template":"","meta":{"footnotes":""},"class_list":["post-12","page","type-page","status-publish","has-post-thumbnail","hentry"],"yoast_head":"<!-- This site is optimized with the Yoast SEO plugin v24.8.1 - https:\/\/yoast.com\/wordpress\/plugins\/seo\/ -->\n<title>Onde encontrar - Itapecerica da Serra - Turismo Guiado<\/title>\n<meta name=\"robots\" content=\"index, follow, max-snippet:-1, max-image-preview:large, max-video-preview:-1\" \/>\n<link rel=\"canonical\" href=\"https:\/\/itapecerica.turismoguiado.com.br\/en\/onde-encontrar\/\" \/>\n<meta property=\"og:locale\" content=\"en_US\" \/>\n<meta property=\"og:type\" content=\"article\" \/>\n<meta property=\"og:title\" content=\"Onde encontrar - Itapecerica da Serra - Turismo Guiado\" \/>\n<meta property=\"og:description\" content=\"A placa de identifica\u00e7\u00e3o do Turismo Auto Guiado, fornece informa\u00e7\u00f5es b\u00e1sicas para o visitante saber mais sobre cada pr\u00e9dio hist\u00f3rico ou atrativo tur\u00edstico. A placa est\u00e1 localizada, preferencialmente, nas entradas de cada local. Tamb\u00e9m est\u00e1 dispon\u00edvel nesta mesma plataforma, no canto superior direito, o campo &hellip;\" \/>\n<meta property=\"og:url\" content=\"https:\/\/itapecerica.turismoguiado.com.br\/en\/onde-encontrar\/\" \/>\n<meta property=\"og:site_name\" content=\"Itapecerica da Serra - Turismo Guiado\" \/>\n<meta property=\"article:modified_time\" content=\"2023-06-28T02:12:15+00:00\" \/>\n<meta property=\"og:image\" content=\"https:\/\/itapecerica.turismoguiado.com.br\/wp-content\/uploads\/2023\/03\/onde-encontrar.png\" \/>\n\t<meta property=\"og:image:width\" content=\"1170\" \/>\n\t<meta property=\"og:image:height\" content=\"660\" \/>\n\t<meta property=\"og:image:type\" content=\"image\/png\" \/>\n<meta name=\"twitter:card\" content=\"summary_large_image\" \/>\n<script type=\"application\/ld+json\" class=\"yoast-schema-graph\">{\"@context\":\"https:\/\/schema.org\",\"@graph\":[{\"@type\":\"WebPage\",\"@id\":\"https:\/\/itapecerica.turismoguiado.com.br\/en\/onde-encontrar\/\",\"url\":\"https:\/\/itapecerica.turismoguiado.com.br\/en\/onde-encontrar\/\",\"name\":\"Onde encontrar - Itapecerica da Serra - Turismo Guiado\",\"isPartOf\":{\"@id\":\"http:\/\/itapecerica.turismoguiado.com.br\/#website\"},\"primaryImageOfPage\":{\"@id\":\"https:\/\/itapecerica.turismoguiado.com.br\/en\/onde-encontrar\/#primaryimage\"},\"image\":{\"@id\":\"https:\/\/itapecerica.turismoguiado.com.br\/en\/onde-encontrar\/#primaryimage\"},\"thumbnailUrl\":\"http:\/\/itapecerica.turismoguiado.com.br\/wp-content\/uploads\/2023\/03\/onde-encontrar.png\",\"datePublished\":\"2023-03-23T23:04:59+00:00\",\"dateModified\":\"2023-06-28T02:12:15+00:00\",\"breadcrumb\":{\"@id\":\"https:\/\/itapecerica.turismoguiado.com.br\/en\/onde-encontrar\/#breadcrumb\"},\"inLanguage\":\"en-US\",\"potentialAction\":[{\"@type\":\"ReadAction\",\"target\":[\"https:\/\/itapecerica.turismoguiado.com.br\/en\/onde-encontrar\/\"]}]},{\"@type\":\"ImageObject\",\"inLanguage\":\"en-US\",\"@id\":\"https:\/\/itapecerica.turismoguiado.com.br\/en\/onde-encontrar\/#primaryimage\",\"url\":\"http:\/\/itapecerica.turismoguiado.com.br\/wp-content\/uploads\/2023\/03\/onde-encontrar.png\",\"contentUrl\":\"http:\/\/itapecerica.turismoguiado.com.br\/wp-content\/uploads\/2023\/03\/onde-encontrar.png\",\"width\":1170,\"height\":660,\"caption\":\"onde encontrar\"},{\"@type\":\"BreadcrumbList\",\"@id\":\"https:\/\/itapecerica.turismoguiado.com.br\/en\/onde-encontrar\/#breadcrumb\",\"itemListElement\":[{\"@type\":\"ListItem\",\"position\":1,\"name\":\"In\u00edcio\",\"item\":\"http:\/\/itapecerica.turismoguiado.com.br\/\"},{\"@type\":\"ListItem\",\"position\":2,\"name\":\"Onde encontrar\"}]},{\"@type\":\"WebSite\",\"@id\":\"http:\/\/itapecerica.turismoguiado.com.br\/#website\",\"url\":\"http:\/\/itapecerica.turismoguiado.com.br\/\",\"name\":\"Itapecerica da Serra - Turismo Guiado\",\"description\":\"\",\"publisher\":{\"@id\":\"http:\/\/itapecerica.turismoguiado.com.br\/#organization\"},\"potentialAction\":[{\"@type\":\"SearchAction\",\"target\":{\"@type\":\"EntryPoint\",\"urlTemplate\":\"http:\/\/itapecerica.turismoguiado.com.br\/?s={search_term_string}\"},\"query-input\":{\"@type\":\"PropertyValueSpecification\",\"valueRequired\":true,\"valueName\":\"search_term_string\"}}],\"inLanguage\":\"en-US\"},{\"@type\":\"Organization\",\"@id\":\"http:\/\/itapecerica.turismoguiado.com.br\/#organization\",\"name\":\"Turismo Guiado\",\"url\":\"http:\/\/itapecerica.turismoguiado.com.br\/\",\"logo\":{\"@type\":\"ImageObject\",\"inLanguage\":\"en-US\",\"@id\":\"http:\/\/itapecerica.turismoguiado.com.br\/#\/schema\/logo\/image\/\",\"url\":\"http:\/\/itapecerica.turismoguiado.com.br\/wp-content\/uploads\/2023\/07\/turismo-guiado-nome-de-cidade.png\",\"contentUrl\":\"http:\/\/itapecerica.turismoguiado.com.br\/wp-content\/uploads\/2023\/07\/turismo-guiado-nome-de-cidade.png\",\"width\":1080,\"height\":1080,\"caption\":\"Turismo Guiado\"},\"image\":{\"@id\":\"http:\/\/itapecerica.turismoguiado.com.br\/#\/schema\/logo\/image\/\"},\"sameAs\":[\"https:\/\/instagram.com\/turismoitapecerica\"]}]}<\/script>\n<!-- \/ Yoast SEO plugin. -->","yoast_head_json":{"title":"Onde encontrar - Itapecerica da Serra - Turismo Guiado","robots":{"index":"index","follow":"follow","max-snippet":"max-snippet:-1","max-image-preview":"max-image-preview:large","max-video-preview":"max-video-preview:-1"},"canonical":"https:\/\/itapecerica.turismoguiado.com.br\/en\/onde-encontrar\/","og_locale":"en_US","og_type":"article","og_title":"Onde encontrar - Itapecerica da Serra - Turismo Guiado","og_description":"A placa de identifica\u00e7\u00e3o do Turismo Auto Guiado, fornece informa\u00e7\u00f5es b\u00e1sicas para o visitante saber mais sobre cada pr\u00e9dio hist\u00f3rico ou atrativo tur\u00edstico. A placa est\u00e1 localizada, preferencialmente, nas entradas de cada local. Tamb\u00e9m est\u00e1 dispon\u00edvel nesta mesma plataforma, no canto superior direito, o campo &hellip;","og_url":"https:\/\/itapecerica.turismoguiado.com.br\/en\/onde-encontrar\/","og_site_name":"Itapecerica da Serra - Turismo Guiado","article_modified_time":"2023-06-28T02:12:15+00:00","og_image":[{"width":1170,"height":660,"url":"https:\/\/itapecerica.turismoguiado.com.br\/wp-content\/uploads\/2023\/03\/onde-encontrar.png","type":"image\/png"}],"twitter_card":"summary_large_image","schema":{"@context":"https:\/\/schema.org","@graph":[{"@type":"WebPage","@id":"https:\/\/itapecerica.turismoguiado.com.br\/en\/onde-encontrar\/","url":"https:\/\/itapecerica.turismoguiado.com.br\/en\/onde-encontrar\/","name":"Onde encontrar - Itapecerica da Serra - Turismo Guiado","isPartOf":{"@id":"http:\/\/itapecerica.turismoguiado.com.br\/#website"},"primaryImageOfPage":{"@id":"https:\/\/itapecerica.turismoguiado.com.br\/en\/onde-encontrar\/#primaryimage"},"image":{"@id":"https:\/\/itapecerica.turismoguiado.com.br\/en\/onde-encontrar\/#primaryimage"},"thumbnailUrl":"http:\/\/itapecerica.turismoguiado.com.br\/wp-content\/uploads\/2023\/03\/onde-encontrar.png","datePublished":"2023-03-23T23:04:59+00:00","dateModified":"2023-06-28T02:12:15+00:00","breadcrumb":{"@id":"https:\/\/itapecerica.turismoguiado.com.br\/en\/onde-encontrar\/#breadcrumb"},"inLanguage":"en-US","potentialAction":[{"@type":"ReadAction","target":["https:\/\/itapecerica.turismoguiado.com.br\/en\/onde-encontrar\/"]}]},{"@type":"ImageObject","inLanguage":"en-US","@id":"https:\/\/itapecerica.turismoguiado.com.br\/en\/onde-encontrar\/#primaryimage","url":"http:\/\/itapecerica.turismoguiado.com.br\/wp-content\/uploads\/2023\/03\/onde-encontrar.png","contentUrl":"http:\/\/itapecerica.turismoguiado.com.br\/wp-content\/uploads\/2023\/03\/onde-encontrar.png","width":1170,"height":660,"caption":"onde encontrar"},{"@type":"BreadcrumbList","@id":"https:\/\/itapecerica.turismoguiado.com.br\/en\/onde-encontrar\/#breadcrumb","itemListElement":[{"@type":"ListItem","position":1,"name":"In\u00edcio","item":"http:\/\/itapecerica.turismoguiado.com.br\/"},{"@type":"ListItem","position":2,"name":"Onde encontrar"}]},{"@type":"WebSite","@id":"http:\/\/itapecerica.turismoguiado.com.br\/#website","url":"http:\/\/itapecerica.turismoguiado.com.br\/","name":"Itapecerica da Serra - Turismo Guiado","description":"","publisher":{"@id":"http:\/\/itapecerica.turismoguiado.com.br\/#organization"},"potentialAction":[{"@type":"SearchAction","target":{"@type":"EntryPoint","urlTemplate":"http:\/\/itapecerica.turismoguiado.com.br\/?s={search_term_string}"},"query-input":{"@type":"PropertyValueSpecification","valueRequired":true,"valueName":"search_term_string"}}],"inLanguage":"en-US"},{"@type":"Organization","@id":"http:\/\/itapecerica.turismoguiado.com.br\/#organization","name":"Turismo Guiado","url":"http:\/\/itapecerica.turismoguiado.com.br\/","logo":{"@type":"ImageObject","inLanguage":"en-US","@id":"http:\/\/itapecerica.turismoguiado.com.br\/#\/schema\/logo\/image\/","url":"http:\/\/itapecerica.turismoguiado.com.br\/wp-content\/uploads\/2023\/07\/turismo-guiado-nome-de-cidade.png","contentUrl":"http:\/\/itapecerica.turismoguiado.com.br\/wp-content\/uploads\/2023\/07\/turismo-guiado-nome-de-cidade.png","width":1080,"height":1080,"caption":"Turismo Guiado"},"image":{"@id":"http:\/\/itapecerica.turismoguiado.com.br\/#\/schema\/logo\/image\/"},"sameAs":["https:\/\/instagram.com\/turismoitapecerica"]}]}},"_links":{"self":[{"href":"http:\/\/itapecerica.turismoguiado.com.br\/en\/wp-json\/wp\/v2\/pages\/12","targetHints":{"allow":["GET"]}}],"collection":[{"href":"http:\/\/itapecerica.turismoguiado.com.br\/en\/wp-json\/wp\/v2\/pages"}],"about":[{"href":"http:\/\/itapecerica.turismoguiado.com.br\/en\/wp-json\/wp\/v2\/types\/page"}],"author":[{"embeddable":true,"href":"http:\/\/itapecerica.turismoguiado.com.br\/en\/wp-json\/wp\/v2\/users\/1"}],"replies":[{"embeddable":true,"href":"http:\/\/itapecerica.turismoguiado.com.br\/en\/wp-json\/wp\/v2\/comments?post=12"}],"version-history":[{"count":5,"href":"http:\/\/itapecerica.turismoguiado.com.br\/en\/wp-json\/wp\/v2\/pages\/12\/revisions"}],"predecessor-version":[{"id":591,"href":"http:\/\/itapecerica.turismoguiado.com.br\/en\/wp-json\/wp\/v2\/pages\/12\/revisions\/591"}],"wp:featuredmedia":[{"embeddable":true,"href":"http:\/\/itapecerica.turismoguiado.com.br\/en\/wp-json\/wp\/v2\/media\/185"}],"wp:attachment":[{"href":"http:\/\/itapecerica.turismoguiado.com.br\/en\/wp-json\/wp\/v2\/media?parent=12"}],"curies":[{"name":"wp","href":"https:\/\/api.w.org\/{rel}","templated":true}]}}