{"id":2,"date":"2023-03-23T19:45:13","date_gmt":"2023-03-23T22:45:13","guid":{"rendered":"http:\/\/itapecerica.turismoguiado.com.br\/?page_id=2"},"modified":"2023-07-19T12:03:30","modified_gmt":"2023-07-19T15:03:30","slug":"itapecerica-da-serra","status":"publish","type":"page","link":"http:\/\/itapecerica.turismoguiado.com.br\/en\/","title":{"rendered":"Home"},"content":{"rendered":"<p>Turismo Guiado permite que o visitante conhe\u00e7a informa\u00e7\u00f5es espec\u00edficas dos atrativos tur\u00edsticos de Itapecerica da Serra atrav\u00e9s da leitura do QR Code ou busca em nosso site.<\/p>\n\n\n\n<p><a href=\"http:\/\/itapecerica.turismoguiado.com.br\/en\/mapas-turisticos\/\" target=\"_blank\" rel=\"noreferrer noopener\">Conhe\u00e7a nossos mapas tur\u00edsticos.<\/a><\/p>\n\n\n\n<p>With the Turismo Guiado project, you can get to know the buildings and tourist attractions of Itapecerica da Serra-SP with just one tap on your cell phone. Just scan the QR Code that is in each location and you will have access to information about opening hours, old photos, information about the construction and curiosities about the history and culture of the place. You will be able to learn more about the historical and cultural heritage of the city of Itapecerica da Serra, in a quick, practical and interactive way. And don't worry about accessibility, as the texts are available in Portuguese, English and audio description. Thus, everyone can take advantage of the informative and cultural content of the project.<\/p>\n\n\n\n<p>In addition, in the main menu of the site, you can access the Tourist Maps of the municipality, they are: Tourist Attractions, Accommodation, Event Spaces and Gastronomy. You can better plan your route and learn about the leisure options and services that the city offers. You can also collaborate with the site's collection, sending suggestions, criticisms or compliments through the contact form. Your participation is also important for the project.<\/p>\n\n\n\n<p>Another facility that the project offers is the search field, where you can type the name of the place you want to visit and find information about it. You can make your own selection of places that interest you most and create your own personalized itinerary.<\/p>\n\n\n\n<p>The project values \u200b\u200band promotes the tourist attractions of Itapecerica da Serra, in addition to providing a more fun and educational trip for visitors. Experience Turismo Guiado and discover the beauties and stories that each place has to tell. Turismo Guiado is a project for everyone.\nTraduzido por Google.<\/p>","protected":false},"excerpt":{"rendered":"<p>Turismo Guiado permite que o visitante conhe\u00e7a informa\u00e7\u00f5es espec\u00edficas dos atrativos tur\u00edsticos de Itapecerica da Serra atrav\u00e9s da leitura do QR Code ou busca em nosso site. Conhe\u00e7a nossos mapas tur\u00edsticos. Com o projeto Turismo Guiado, voc\u00ea pode conhecer os pr\u00e9dios e atrativos tur\u00edsticos de &hellip; <\/p>","protected":false},"author":1,"featured_media":0,"parent":0,"menu_order":0,"comment_status":"closed","ping_status":"open","template":"","meta":{"footnotes":""},"class_list":["post-2","page","type-page","status-publish","hentry"],"yoast_head":"<!-- This site is optimized with the Yoast SEO plugin v24.8.1 - https:\/\/yoast.com\/wordpress\/plugins\/seo\/ -->\n<title>Home - Itapecerica da Serra - Turismo Guiado<\/title>\n<meta name=\"description\" content=\"Itapecerica da Serra ganhou uma nova plataforma de divulgar informa\u00e7\u00f5es tur\u00edsticas atrav\u00e9s da leitura de QR CODE e busca no website\" \/>\n<meta name=\"robots\" content=\"index, follow, max-snippet:-1, max-image-preview:large, max-video-preview:-1\" \/>\n<link rel=\"canonical\" href=\"http:\/\/itapecerica.turismoguiado.com.br\/en\/\" \/>\n<meta property=\"og:locale\" content=\"en_US\" \/>\n<meta property=\"og:type\" content=\"article\" \/>\n<meta property=\"og:title\" content=\"Home - Itapecerica da Serra - Turismo Guiado\" \/>\n<meta property=\"og:description\" content=\"Itapecerica da Serra ganhou uma nova plataforma de divulgar informa\u00e7\u00f5es tur\u00edsticas atrav\u00e9s da leitura de QR CODE e busca no website\" \/>\n<meta property=\"og:url\" content=\"http:\/\/itapecerica.turismoguiado.com.br\/en\/\" \/>\n<meta property=\"og:site_name\" content=\"Itapecerica da Serra - Turismo Guiado\" \/>\n<meta property=\"article:modified_time\" content=\"2023-07-19T15:03:30+00:00\" \/>\n<meta name=\"twitter:card\" content=\"summary_large_image\" \/>\n<meta name=\"twitter:label1\" content=\"Est. reading time\" \/>\n\t<meta name=\"twitter:data1\" content=\"2 minutes\" \/>\n<script type=\"application\/ld+json\" class=\"yoast-schema-graph\">{\"@context\":\"https:\/\/schema.org\",\"@graph\":[{\"@type\":\"WebPage\",\"@id\":\"http:\/\/itapecerica.turismoguiado.com.br\/\",\"url\":\"http:\/\/itapecerica.turismoguiado.com.br\/\",\"name\":\"Home - Itapecerica da Serra - Turismo Guiado\",\"isPartOf\":{\"@id\":\"http:\/\/itapecerica.turismoguiado.com.br\/#website\"},\"datePublished\":\"2023-03-23T22:45:13+00:00\",\"dateModified\":\"2023-07-19T15:03:30+00:00\",\"description\":\"Itapecerica da Serra ganhou uma nova plataforma de divulgar informa\u00e7\u00f5es tur\u00edsticas atrav\u00e9s da leitura de QR CODE e busca no website\",\"breadcrumb\":{\"@id\":\"http:\/\/itapecerica.turismoguiado.com.br\/#breadcrumb\"},\"inLanguage\":\"en-US\",\"potentialAction\":[{\"@type\":\"ReadAction\",\"target\":[\"http:\/\/itapecerica.turismoguiado.com.br\/\"]}]},{\"@type\":\"BreadcrumbList\",\"@id\":\"http:\/\/itapecerica.turismoguiado.com.br\/#breadcrumb\",\"itemListElement\":[{\"@type\":\"ListItem\",\"position\":1,\"name\":\"In\u00edcio\",\"item\":\"http:\/\/itapecerica.turismoguiado.com.br\/\"},{\"@type\":\"ListItem\",\"position\":2,\"name\":\"Home\"}]},{\"@type\":\"WebSite\",\"@id\":\"http:\/\/itapecerica.turismoguiado.com.br\/#website\",\"url\":\"http:\/\/itapecerica.turismoguiado.com.br\/\",\"name\":\"Itapecerica da Serra - Turismo Guiado\",\"description\":\"\",\"publisher\":{\"@id\":\"http:\/\/itapecerica.turismoguiado.com.br\/#organization\"},\"potentialAction\":[{\"@type\":\"SearchAction\",\"target\":{\"@type\":\"EntryPoint\",\"urlTemplate\":\"http:\/\/itapecerica.turismoguiado.com.br\/?s={search_term_string}\"},\"query-input\":{\"@type\":\"PropertyValueSpecification\",\"valueRequired\":true,\"valueName\":\"search_term_string\"}}],\"inLanguage\":\"en-US\"},{\"@type\":\"Organization\",\"@id\":\"http:\/\/itapecerica.turismoguiado.com.br\/#organization\",\"name\":\"Turismo Guiado\",\"url\":\"http:\/\/itapecerica.turismoguiado.com.br\/\",\"logo\":{\"@type\":\"ImageObject\",\"inLanguage\":\"en-US\",\"@id\":\"http:\/\/itapecerica.turismoguiado.com.br\/#\/schema\/logo\/image\/\",\"url\":\"http:\/\/itapecerica.turismoguiado.com.br\/wp-content\/uploads\/2023\/07\/turismo-guiado-nome-de-cidade.png\",\"contentUrl\":\"http:\/\/itapecerica.turismoguiado.com.br\/wp-content\/uploads\/2023\/07\/turismo-guiado-nome-de-cidade.png\",\"width\":1080,\"height\":1080,\"caption\":\"Turismo Guiado\"},\"image\":{\"@id\":\"http:\/\/itapecerica.turismoguiado.com.br\/#\/schema\/logo\/image\/\"},\"sameAs\":[\"https:\/\/instagram.com\/turismoitapecerica\"]}]}<\/script>\n<!-- \/ Yoast SEO plugin. -->","yoast_head_json":{"title":"Home - Itapecerica da Serra - Turismo Guiado","description":"Itapecerica da Serra ganhou uma nova plataforma de divulgar informa\u00e7\u00f5es tur\u00edsticas atrav\u00e9s da leitura de QR CODE e busca no website","robots":{"index":"index","follow":"follow","max-snippet":"max-snippet:-1","max-image-preview":"max-image-preview:large","max-video-preview":"max-video-preview:-1"},"canonical":"http:\/\/itapecerica.turismoguiado.com.br\/en\/","og_locale":"en_US","og_type":"article","og_title":"Home - Itapecerica da Serra - Turismo Guiado","og_description":"Itapecerica da Serra ganhou uma nova plataforma de divulgar informa\u00e7\u00f5es tur\u00edsticas atrav\u00e9s da leitura de QR CODE e busca no website","og_url":"http:\/\/itapecerica.turismoguiado.com.br\/en\/","og_site_name":"Itapecerica da Serra - Turismo Guiado","article_modified_time":"2023-07-19T15:03:30+00:00","twitter_card":"summary_large_image","twitter_misc":{"Est. reading time":"2 minutes"},"schema":{"@context":"https:\/\/schema.org","@graph":[{"@type":"WebPage","@id":"http:\/\/itapecerica.turismoguiado.com.br\/","url":"http:\/\/itapecerica.turismoguiado.com.br\/","name":"Home - Itapecerica da Serra - Turismo Guiado","isPartOf":{"@id":"http:\/\/itapecerica.turismoguiado.com.br\/#website"},"datePublished":"2023-03-23T22:45:13+00:00","dateModified":"2023-07-19T15:03:30+00:00","description":"Itapecerica da Serra ganhou uma nova plataforma de divulgar informa\u00e7\u00f5es tur\u00edsticas atrav\u00e9s da leitura de QR CODE e busca no website","breadcrumb":{"@id":"http:\/\/itapecerica.turismoguiado.com.br\/#breadcrumb"},"inLanguage":"en-US","potentialAction":[{"@type":"ReadAction","target":["http:\/\/itapecerica.turismoguiado.com.br\/"]}]},{"@type":"BreadcrumbList","@id":"http:\/\/itapecerica.turismoguiado.com.br\/#breadcrumb","itemListElement":[{"@type":"ListItem","position":1,"name":"In\u00edcio","item":"http:\/\/itapecerica.turismoguiado.com.br\/"},{"@type":"ListItem","position":2,"name":"Home"}]},{"@type":"WebSite","@id":"http:\/\/itapecerica.turismoguiado.com.br\/#website","url":"http:\/\/itapecerica.turismoguiado.com.br\/","name":"Itapecerica da Serra - Turismo Guiado","description":"","publisher":{"@id":"http:\/\/itapecerica.turismoguiado.com.br\/#organization"},"potentialAction":[{"@type":"SearchAction","target":{"@type":"EntryPoint","urlTemplate":"http:\/\/itapecerica.turismoguiado.com.br\/?s={search_term_string}"},"query-input":{"@type":"PropertyValueSpecification","valueRequired":true,"valueName":"search_term_string"}}],"inLanguage":"en-US"},{"@type":"Organization","@id":"http:\/\/itapecerica.turismoguiado.com.br\/#organization","name":"Turismo Guiado","url":"http:\/\/itapecerica.turismoguiado.com.br\/","logo":{"@type":"ImageObject","inLanguage":"en-US","@id":"http:\/\/itapecerica.turismoguiado.com.br\/#\/schema\/logo\/image\/","url":"http:\/\/itapecerica.turismoguiado.com.br\/wp-content\/uploads\/2023\/07\/turismo-guiado-nome-de-cidade.png","contentUrl":"http:\/\/itapecerica.turismoguiado.com.br\/wp-content\/uploads\/2023\/07\/turismo-guiado-nome-de-cidade.png","width":1080,"height":1080,"caption":"Turismo Guiado"},"image":{"@id":"http:\/\/itapecerica.turismoguiado.com.br\/#\/schema\/logo\/image\/"},"sameAs":["https:\/\/instagram.com\/turismoitapecerica"]}]}},"_links":{"self":[{"href":"http:\/\/itapecerica.turismoguiado.com.br\/en\/wp-json\/wp\/v2\/pages\/2","targetHints":{"allow":["GET"]}}],"collection":[{"href":"http:\/\/itapecerica.turismoguiado.com.br\/en\/wp-json\/wp\/v2\/pages"}],"about":[{"href":"http:\/\/itapecerica.turismoguiado.com.br\/en\/wp-json\/wp\/v2\/types\/page"}],"author":[{"embeddable":true,"href":"http:\/\/itapecerica.turismoguiado.com.br\/en\/wp-json\/wp\/v2\/users\/1"}],"replies":[{"embeddable":true,"href":"http:\/\/itapecerica.turismoguiado.com.br\/en\/wp-json\/wp\/v2\/comments?post=2"}],"version-history":[{"count":2,"href":"http:\/\/itapecerica.turismoguiado.com.br\/en\/wp-json\/wp\/v2\/pages\/2\/revisions"}],"predecessor-version":[{"id":631,"href":"http:\/\/itapecerica.turismoguiado.com.br\/en\/wp-json\/wp\/v2\/pages\/2\/revisions\/631"}],"wp:attachment":[{"href":"http:\/\/itapecerica.turismoguiado.com.br\/en\/wp-json\/wp\/v2\/media?parent=2"}],"curies":[{"name":"wp","href":"https:\/\/api.w.org\/{rel}","templated":true}]}}