{"id":553,"date":"2023-06-12T21:05:04","date_gmt":"2023-06-13T00:05:04","guid":{"rendered":"http:\/\/itapecerica.turismoguiado.com.br\/?page_id=553"},"modified":"2025-03-22T22:40:30","modified_gmt":"2025-03-23T01:40:30","slug":"historia","status":"publish","type":"page","link":"http:\/\/itapecerica.turismoguiado.com.br\/en\/historia\/","title":{"rendered":"Hist\u00f3ria da Funda\u00e7\u00e3o"},"content":{"rendered":"<p>Itapecerica da Serra teve sua origem no s\u00e9culo XVI, quando foi estabelecido um aldeamento pelos padres jesu\u00edtas, dedicado a Nossa Senhora dos Prazeres.<\/p>\n\n\n\n<p>O nome &#8220;Itapecerica&#8221; tem origem no tupi-guarani e significa &#8220;pedra lisa&#8221; ou &#8220;pedra escorregadia&#8221; (ita = pedra; pecerica = lisa, escorregadia). Inicialmente, era escrito como &#8220;Itapycyryca&#8221;. Segundo a lenda, dois \u00edndios estavam caminhando sobre uma grande pedra no centro da cidade, quando um deles escorregou e exclamou &#8220;ita!&#8221;. O outro respondeu &#8220;pecerica!&#8221; ou &#8220;pycyryca!&#8221;. Desde ent\u00e3o, de acordo com a lenda, o local ficou conhecido por esse nome. A enorme pedra lisa ainda pode ser parcialmente vista na Rua Henrique Soter Fernandes, pr\u00f3xima ao Largo da Matriz, onde v\u00e1rias constru\u00e7\u00f5es foram erguidas sobre ela.<\/p>\n\n\n\n<p>No s\u00e9culo XVII, o aldeamento cresceu com a chegada de \u00edndios trazidos de Carapicu\u00edba por Afonso Sardinha, um sertanista e propriet\u00e1rio da Fazenda Ubatat\u00e1 (Butant\u00e3). Os \u00edndios foram orientados pelo padre jesu\u00edta Belchior de Pontes, que tamb\u00e9m atendia \u00e0 aldeia &#8220;M&#8217;Boy&#8221;. Em 1689, a Capela de Itapecerica j\u00e1 tinha mais de 900 pessoas sob a prote\u00e7\u00e3o do jesu\u00edta Diogo Machado.<\/p>\n\n\n\n<p>No s\u00e9culo XIX, Itapecerica recebeu as Col\u00f4nias Alem\u00e3 e Prussiana, o que teve uma influ\u00eancia significativa na arquitetura, culin\u00e1ria e na miscigena\u00e7\u00e3o da popula\u00e7\u00e3o local.<\/p>\n\n\n\n<p>Em 20 de fevereiro de 1841, Itapecerica da Serra foi elevada \u00e0 categoria de &#8220;Freguesia&#8221; pela segunda vez, tendo o Padre Bento Pedroso de Camargo como seu primeiro vig\u00e1rio. Anteriormente, Itapecerica j\u00e1 havia sido elevada a Freguesia, mas perdeu esse status de acordo com um Decreto de 21 de mar\u00e7o de 1832.<\/p>\n\n\n\n<p>Em 1877, por meio da Lei Provincial n\u00ba 33, de 08 de maio, Itapecerica foi elevada \u00e0 categoria de vila, quando o Munic\u00edpio de Itapecerica da Serra foi criado. Essa data \u00e9 celebrada como o anivers\u00e1rio da cidade. Poucos meses depois, em novembro, Itapecerica se emancipou do Munic\u00edpio de Santo Amaro, que agora \u00e9 um bairro da cidade de S\u00e3o Paulo. Um ano antes de sua emancipa\u00e7\u00e3o, Itapecerica tinha uma popula\u00e7\u00e3o de 4.896 habitantes, que se dedicavam principalmente \u00e0 agricultura de cereais. Em 19 de dezembro de 1906, por meio da lei estadual n\u00ba 1.038, Itapecerica foi elevada \u00e0 categoria de cidade.<\/p>\n\n\n\n<p>Inicialmente, o territ\u00f3rio de Itapecerica englobava as \u00e1reas que hoje correspondem aos munic\u00edpios de Tabo\u00e3o da Serra, Embu, Embu-Gua\u00e7u, Juquitiba e S\u00e3o Louren\u00e7o da Serra. Com o tempo, esses distritos foram se emancipando, sendo S\u00e3o Louren\u00e7o da Serra o mais recente a obter a emancipa\u00e7\u00e3o pol\u00edtica e administrativa para se tornar um munic\u00edpio, sua data de funda\u00e7\u00e3o \u00e9 12 de mar\u00e7o de 1991.<\/p>\n\n\n\n<p>O primeiro &#8220;Grupo Escolar&#8221; de Itapecerica foi fundado em 22 de outubro de 1935 e recebeu o nome do Padre Belchior de Pontes.<\/p>\n\n\n\n<p>De acordo com o Decreto-Lei Estadual n\u00ba 14.335, de 30 de novembro de 1944, Itapecerica passou a ser denominada Itapecerica da Serra para se distinguir do munic\u00edpio hom\u00f4nimo localizado em Minas Gerais.<\/p>","protected":false},"excerpt":{"rendered":"<p>Itapecerica da Serra teve sua origem no s\u00e9culo XVI, quando foi estabelecido um aldeamento pelos padres jesu\u00edtas, dedicado a Nossa Senhora dos Prazeres. O nome &#8220;Itapecerica&#8221; tem origem no tupi-guarani e significa &#8220;pedra lisa&#8221; ou &#8220;pedra escorregadia&#8221; (ita = pedra; pecerica = lisa, escorregadia). Inicialmente, &hellip; <\/p>","protected":false},"author":1,"featured_media":0,"parent":0,"menu_order":0,"comment_status":"closed","ping_status":"closed","template":"","meta":{"footnotes":""},"class_list":["post-553","page","type-page","status-publish","hentry"],"yoast_head":"<!-- This site is optimized with the Yoast SEO plugin v24.8.1 - https:\/\/yoast.com\/wordpress\/plugins\/seo\/ -->\n<title>Hist\u00f3ria da Funda\u00e7\u00e3o - Itapecerica da Serra - Turismo Guiado<\/title>\n<meta name=\"robots\" content=\"index, follow, max-snippet:-1, max-image-preview:large, max-video-preview:-1\" \/>\n<link rel=\"canonical\" href=\"http:\/\/itapecerica.turismoguiado.com.br\/en\/historia\/\" \/>\n<meta property=\"og:locale\" content=\"en_US\" \/>\n<meta property=\"og:type\" content=\"article\" \/>\n<meta property=\"og:title\" content=\"Hist\u00f3ria da Funda\u00e7\u00e3o - Itapecerica da Serra - Turismo Guiado\" \/>\n<meta property=\"og:description\" content=\"Itapecerica da Serra teve sua origem no s\u00e9culo XVI, quando foi estabelecido um aldeamento pelos padres jesu\u00edtas, dedicado a Nossa Senhora dos Prazeres. O nome &#8220;Itapecerica&#8221; tem origem no tupi-guarani e significa &#8220;pedra lisa&#8221; ou &#8220;pedra escorregadia&#8221; (ita = pedra; pecerica = lisa, escorregadia). Inicialmente, &hellip;\" \/>\n<meta property=\"og:url\" content=\"http:\/\/itapecerica.turismoguiado.com.br\/en\/historia\/\" \/>\n<meta property=\"og:site_name\" content=\"Itapecerica da Serra - Turismo Guiado\" \/>\n<meta property=\"article:modified_time\" content=\"2025-03-23T01:40:30+00:00\" \/>\n<meta name=\"twitter:card\" content=\"summary_large_image\" \/>\n<meta name=\"twitter:label1\" content=\"Est. reading time\" \/>\n\t<meta name=\"twitter:data1\" content=\"3 minutes\" \/>\n<script type=\"application\/ld+json\" class=\"yoast-schema-graph\">{\"@context\":\"https:\/\/schema.org\",\"@graph\":[{\"@type\":\"WebPage\",\"@id\":\"http:\/\/itapecerica.turismoguiado.com.br\/historia\/\",\"url\":\"http:\/\/itapecerica.turismoguiado.com.br\/historia\/\",\"name\":\"Hist\u00f3ria da Funda\u00e7\u00e3o - Itapecerica da Serra - Turismo Guiado\",\"isPartOf\":{\"@id\":\"http:\/\/itapecerica.turismoguiado.com.br\/#website\"},\"datePublished\":\"2023-06-13T00:05:04+00:00\",\"dateModified\":\"2025-03-23T01:40:30+00:00\",\"breadcrumb\":{\"@id\":\"http:\/\/itapecerica.turismoguiado.com.br\/historia\/#breadcrumb\"},\"inLanguage\":\"en-US\",\"potentialAction\":[{\"@type\":\"ReadAction\",\"target\":[\"http:\/\/itapecerica.turismoguiado.com.br\/historia\/\"]}]},{\"@type\":\"BreadcrumbList\",\"@id\":\"http:\/\/itapecerica.turismoguiado.com.br\/historia\/#breadcrumb\",\"itemListElement\":[{\"@type\":\"ListItem\",\"position\":1,\"name\":\"In\u00edcio\",\"item\":\"http:\/\/itapecerica.turismoguiado.com.br\/\"},{\"@type\":\"ListItem\",\"position\":2,\"name\":\"Hist\u00f3ria da Funda\u00e7\u00e3o\"}]},{\"@type\":\"WebSite\",\"@id\":\"http:\/\/itapecerica.turismoguiado.com.br\/#website\",\"url\":\"http:\/\/itapecerica.turismoguiado.com.br\/\",\"name\":\"Itapecerica da Serra - Turismo Guiado\",\"description\":\"\",\"publisher\":{\"@id\":\"http:\/\/itapecerica.turismoguiado.com.br\/#organization\"},\"potentialAction\":[{\"@type\":\"SearchAction\",\"target\":{\"@type\":\"EntryPoint\",\"urlTemplate\":\"http:\/\/itapecerica.turismoguiado.com.br\/?s={search_term_string}\"},\"query-input\":{\"@type\":\"PropertyValueSpecification\",\"valueRequired\":true,\"valueName\":\"search_term_string\"}}],\"inLanguage\":\"en-US\"},{\"@type\":\"Organization\",\"@id\":\"http:\/\/itapecerica.turismoguiado.com.br\/#organization\",\"name\":\"Turismo Guiado\",\"url\":\"http:\/\/itapecerica.turismoguiado.com.br\/\",\"logo\":{\"@type\":\"ImageObject\",\"inLanguage\":\"en-US\",\"@id\":\"http:\/\/itapecerica.turismoguiado.com.br\/#\/schema\/logo\/image\/\",\"url\":\"http:\/\/itapecerica.turismoguiado.com.br\/wp-content\/uploads\/2023\/07\/turismo-guiado-nome-de-cidade.png\",\"contentUrl\":\"http:\/\/itapecerica.turismoguiado.com.br\/wp-content\/uploads\/2023\/07\/turismo-guiado-nome-de-cidade.png\",\"width\":1080,\"height\":1080,\"caption\":\"Turismo Guiado\"},\"image\":{\"@id\":\"http:\/\/itapecerica.turismoguiado.com.br\/#\/schema\/logo\/image\/\"},\"sameAs\":[\"https:\/\/instagram.com\/turismoitapecerica\"]}]}<\/script>\n<!-- \/ Yoast SEO plugin. -->","yoast_head_json":{"title":"Hist\u00f3ria da Funda\u00e7\u00e3o - Itapecerica da Serra - Turismo Guiado","robots":{"index":"index","follow":"follow","max-snippet":"max-snippet:-1","max-image-preview":"max-image-preview:large","max-video-preview":"max-video-preview:-1"},"canonical":"http:\/\/itapecerica.turismoguiado.com.br\/en\/historia\/","og_locale":"en_US","og_type":"article","og_title":"Hist\u00f3ria da Funda\u00e7\u00e3o - Itapecerica da Serra - Turismo Guiado","og_description":"Itapecerica da Serra teve sua origem no s\u00e9culo XVI, quando foi estabelecido um aldeamento pelos padres jesu\u00edtas, dedicado a Nossa Senhora dos Prazeres. O nome &#8220;Itapecerica&#8221; tem origem no tupi-guarani e significa &#8220;pedra lisa&#8221; ou &#8220;pedra escorregadia&#8221; (ita = pedra; pecerica = lisa, escorregadia). Inicialmente, &hellip;","og_url":"http:\/\/itapecerica.turismoguiado.com.br\/en\/historia\/","og_site_name":"Itapecerica da Serra - Turismo Guiado","article_modified_time":"2025-03-23T01:40:30+00:00","twitter_card":"summary_large_image","twitter_misc":{"Est. reading time":"3 minutes"},"schema":{"@context":"https:\/\/schema.org","@graph":[{"@type":"WebPage","@id":"http:\/\/itapecerica.turismoguiado.com.br\/historia\/","url":"http:\/\/itapecerica.turismoguiado.com.br\/historia\/","name":"Hist\u00f3ria da Funda\u00e7\u00e3o - Itapecerica da Serra - Turismo Guiado","isPartOf":{"@id":"http:\/\/itapecerica.turismoguiado.com.br\/#website"},"datePublished":"2023-06-13T00:05:04+00:00","dateModified":"2025-03-23T01:40:30+00:00","breadcrumb":{"@id":"http:\/\/itapecerica.turismoguiado.com.br\/historia\/#breadcrumb"},"inLanguage":"en-US","potentialAction":[{"@type":"ReadAction","target":["http:\/\/itapecerica.turismoguiado.com.br\/historia\/"]}]},{"@type":"BreadcrumbList","@id":"http:\/\/itapecerica.turismoguiado.com.br\/historia\/#breadcrumb","itemListElement":[{"@type":"ListItem","position":1,"name":"In\u00edcio","item":"http:\/\/itapecerica.turismoguiado.com.br\/"},{"@type":"ListItem","position":2,"name":"Hist\u00f3ria da Funda\u00e7\u00e3o"}]},{"@type":"WebSite","@id":"http:\/\/itapecerica.turismoguiado.com.br\/#website","url":"http:\/\/itapecerica.turismoguiado.com.br\/","name":"Itapecerica da Serra - Turismo Guiado","description":"","publisher":{"@id":"http:\/\/itapecerica.turismoguiado.com.br\/#organization"},"potentialAction":[{"@type":"SearchAction","target":{"@type":"EntryPoint","urlTemplate":"http:\/\/itapecerica.turismoguiado.com.br\/?s={search_term_string}"},"query-input":{"@type":"PropertyValueSpecification","valueRequired":true,"valueName":"search_term_string"}}],"inLanguage":"en-US"},{"@type":"Organization","@id":"http:\/\/itapecerica.turismoguiado.com.br\/#organization","name":"Turismo Guiado","url":"http:\/\/itapecerica.turismoguiado.com.br\/","logo":{"@type":"ImageObject","inLanguage":"en-US","@id":"http:\/\/itapecerica.turismoguiado.com.br\/#\/schema\/logo\/image\/","url":"http:\/\/itapecerica.turismoguiado.com.br\/wp-content\/uploads\/2023\/07\/turismo-guiado-nome-de-cidade.png","contentUrl":"http:\/\/itapecerica.turismoguiado.com.br\/wp-content\/uploads\/2023\/07\/turismo-guiado-nome-de-cidade.png","width":1080,"height":1080,"caption":"Turismo Guiado"},"image":{"@id":"http:\/\/itapecerica.turismoguiado.com.br\/#\/schema\/logo\/image\/"},"sameAs":["https:\/\/instagram.com\/turismoitapecerica"]}]}},"_links":{"self":[{"href":"http:\/\/itapecerica.turismoguiado.com.br\/en\/wp-json\/wp\/v2\/pages\/553","targetHints":{"allow":["GET"]}}],"collection":[{"href":"http:\/\/itapecerica.turismoguiado.com.br\/en\/wp-json\/wp\/v2\/pages"}],"about":[{"href":"http:\/\/itapecerica.turismoguiado.com.br\/en\/wp-json\/wp\/v2\/types\/page"}],"author":[{"embeddable":true,"href":"http:\/\/itapecerica.turismoguiado.com.br\/en\/wp-json\/wp\/v2\/users\/1"}],"replies":[{"embeddable":true,"href":"http:\/\/itapecerica.turismoguiado.com.br\/en\/wp-json\/wp\/v2\/comments?post=553"}],"version-history":[{"count":2,"href":"http:\/\/itapecerica.turismoguiado.com.br\/en\/wp-json\/wp\/v2\/pages\/553\/revisions"}],"predecessor-version":[{"id":737,"href":"http:\/\/itapecerica.turismoguiado.com.br\/en\/wp-json\/wp\/v2\/pages\/553\/revisions\/737"}],"wp:attachment":[{"href":"http:\/\/itapecerica.turismoguiado.com.br\/en\/wp-json\/wp\/v2\/media?parent=553"}],"curies":[{"name":"wp","href":"https:\/\/api.w.org\/{rel}","templated":true}]}}