{"id":7,"date":"2023-03-23T20:04:58","date_gmt":"2023-03-23T23:04:58","guid":{"rendered":"http:\/\/itapecerica.turismoguiado.com.br\/?page_id=7"},"modified":"2023-06-27T23:28:27","modified_gmt":"2023-06-28T02:28:27","slug":"atrativos-turisticos","status":"publish","type":"page","link":"http:\/\/itapecerica.turismoguiado.com.br\/en\/atrativos-turisticos\/","title":{"rendered":"Tourist Attractions"},"content":{"rendered":"<p>Conhe\u00e7a abaixo alguns atrativos tur\u00edsticos do munic\u00edpio de Itapecerica da Serra que fazem parte do projeto Turismo Auto Guiado. Desde modo, \u00e9 poss\u00edvel compreender o contexto de pr\u00e9dios hist\u00f3ricos e atrativos tur\u00edsticos. Confira a lista abaixo:<\/p>\n\n\n\n<p><a href=\"http:\/\/itapecerica.turismoguiado.com.br\/en\/beco-do-embu-mirim\/\" data-type=\"URL\" data-id=\"http:\/\/itapecerica.turismoguiado.com.br\/beco-do-embu-mirim\/\">Beco do Embu Mirim<\/a><br><a href=\"http:\/\/itapecerica.turismoguiado.com.br\/en\/biblioteca-municipal-arthur-ricci-de-camargo\/\" data-type=\"URL\" data-id=\"http:\/\/itapecerica.turismoguiado.com.br\/biblioteca-municipal-arthur-ricci-de-camargo\/\">Municipal Library \u2013 Arthur Ricci de Camargo<\/a><br><a href=\"http:\/\/itapecerica.turismoguiado.com.br\/en\/camara-municipal\/\" data-type=\"URL\" data-id=\"http:\/\/itapecerica.turismoguiado.com.br\/camara-municipal\/\">C\u00e2mara Municipal<\/a><br><a href=\"http:\/\/itapecerica.turismoguiado.com.br\/en\/coreto-osvaldo-guerra\/\" data-type=\"URL\" data-id=\"http:\/\/itapecerica.turismoguiado.com.br\/coreto-osvaldo-guerra\/\">Coreto Osvaldo Guerra<\/a><br><a href=\"http:\/\/itapecerica.turismoguiado.com.br\/en\/emac-escola-municipal-de-arte-e-cultura\/\" data-type=\"URL\" data-id=\"http:\/\/itapecerica.turismoguiado.com.br\/emac-escola-municipal-de-arte-e-cultura\/\">EMAC &#8211; Escola Municipal de Arte e Cultura<\/a><br><a href=\"http:\/\/itapecerica.turismoguiado.com.br\/en\/mirante-caixa-dagua\/\" data-type=\"URL\" data-id=\"http:\/\/itapecerica.turismoguiado.com.br\/mirante-caixa-dagua\/\">Mirante &#8211; Caixa D&#8217;\u00e1gua<\/a> <\/p>\n\n\n\n<p><a href=\"http:\/\/itapecerica.turismoguiado.com.br\/en\/mosteiro-nossa-senhora-da-paz\/\">Mosteiro Nossa Senhora da Paz<\/a><\/p>\n\n\n\n<p><a href=\"http:\/\/itapecerica.turismoguiado.com.br\/en\/mosteiro-sao-geraldo-cela-sao-jose\/\">Mosteiro S\u00e3o Geraldo \u2013 Cela S\u00e3o Jos\u00e9<\/a><\/p>\n\n\n\n<p><a href=\"http:\/\/itapecerica.turismoguiado.com.br\/en\/praca-14-de-julho\/\" data-type=\"URL\" data-id=\"http:\/\/itapecerica.turismoguiado.com.br\/praca-14-de-julho\/\">Pra\u00e7a 14 de Julho<\/a><\/p>\n\n\n\n<p><a href=\"http:\/\/itapecerica.turismoguiado.com.br\/en\/praca-do-cruzeiro\/\">Pra\u00e7a do Cruzeiro<\/a><\/p>\n\n\n\n<p><a href=\"http:\/\/itapecerica.turismoguiado.com.br\/en\/templo-kinkaku-ji-do-brasil\/\">Kinkaku-ji Temple<\/a><\/p>\n\n\n\n<p><a href=\"http:\/\/itapecerica.turismoguiado.com.br\/en\/templo-enkoji\/\" data-type=\"URL\" data-id=\"http:\/\/itapecerica.turismoguiado.com.br\/templo-enkoji\/\">Templo Enkoji<\/a><br><a href=\"http:\/\/itapecerica.turismoguiado.com.br\/en\/museu-historico-e-da-memoria\/\" data-type=\"URL\" data-id=\"http:\/\/itapecerica.turismoguiado.com.br\/museu-historico-e-da-memoria\/\">Museu Hist\u00f3rico e da Mem\u00f3ria<\/a><br><a href=\"http:\/\/itapecerica.turismoguiado.com.br\/en\/padre-belchior-de-pontes\/\" data-type=\"URL\" data-id=\"http:\/\/itapecerica.turismoguiado.com.br\/padre-belchior-de-pontes\/\">Padre Belchior de Pontes<\/a><br><a href=\"http:\/\/itapecerica.turismoguiado.com.br\/en\/secretaria-de-turismo-casa-de-taipa\/\" data-type=\"URL\" data-id=\"http:\/\/itapecerica.turismoguiado.com.br\/secretaria-de-turismo-casa-de-taipa\/\">Secretaria de Turismo &#8211; Casa de Taipa<\/a><\/p>","protected":false},"excerpt":{"rendered":"<p>Conhe\u00e7a abaixo alguns atrativos tur\u00edsticos do munic\u00edpio de Itapecerica da Serra que fazem parte do projeto Turismo Auto Guiado. Desde modo, \u00e9 poss\u00edvel compreender o contexto de pr\u00e9dios hist\u00f3ricos e atrativos tur\u00edsticos. Confira a lista abaixo: Beco do Embu MirimBiblioteca Municipal &#8211; Arthur Ricci de &hellip; <\/p>","protected":false},"author":1,"featured_media":0,"parent":0,"menu_order":0,"comment_status":"closed","ping_status":"closed","template":"","meta":{"footnotes":""},"class_list":["post-7","page","type-page","status-publish","hentry"],"yoast_head":"<!-- This site is optimized with the Yoast SEO plugin v24.8.1 - https:\/\/yoast.com\/wordpress\/plugins\/seo\/ -->\n<title>Atrativos Tur\u00edsticos - Itapecerica da Serra - Turismo Guiado<\/title>\n<meta name=\"robots\" content=\"index, follow, max-snippet:-1, max-image-preview:large, max-video-preview:-1\" \/>\n<link rel=\"canonical\" href=\"http:\/\/itapecerica.turismoguiado.com.br\/en\/atrativos-turisticos\/\" \/>\n<meta property=\"og:locale\" content=\"en_US\" \/>\n<meta property=\"og:type\" content=\"article\" \/>\n<meta property=\"og:title\" content=\"Atrativos Tur\u00edsticos - Itapecerica da Serra - Turismo Guiado\" \/>\n<meta property=\"og:description\" content=\"Conhe\u00e7a abaixo alguns atrativos tur\u00edsticos do munic\u00edpio de Itapecerica da Serra que fazem parte do projeto Turismo Auto Guiado. Desde modo, \u00e9 poss\u00edvel compreender o contexto de pr\u00e9dios hist\u00f3ricos e atrativos tur\u00edsticos. Confira a lista abaixo: Beco do Embu MirimBiblioteca Municipal &#8211; Arthur Ricci de &hellip;\" \/>\n<meta property=\"og:url\" content=\"http:\/\/itapecerica.turismoguiado.com.br\/en\/atrativos-turisticos\/\" \/>\n<meta property=\"og:site_name\" content=\"Itapecerica da Serra - Turismo Guiado\" \/>\n<meta property=\"article:modified_time\" content=\"2023-06-28T02:28:27+00:00\" \/>\n<meta name=\"twitter:card\" content=\"summary_large_image\" \/>\n<meta name=\"twitter:label1\" content=\"Est. reading time\" \/>\n\t<meta name=\"twitter:data1\" content=\"1 minute\" \/>\n<script type=\"application\/ld+json\" class=\"yoast-schema-graph\">{\"@context\":\"https:\/\/schema.org\",\"@graph\":[{\"@type\":\"WebPage\",\"@id\":\"http:\/\/itapecerica.turismoguiado.com.br\/atrativos-turisticos\/\",\"url\":\"http:\/\/itapecerica.turismoguiado.com.br\/atrativos-turisticos\/\",\"name\":\"Atrativos Tur\u00edsticos - Itapecerica da Serra - Turismo Guiado\",\"isPartOf\":{\"@id\":\"http:\/\/itapecerica.turismoguiado.com.br\/#website\"},\"datePublished\":\"2023-03-23T23:04:58+00:00\",\"dateModified\":\"2023-06-28T02:28:27+00:00\",\"breadcrumb\":{\"@id\":\"http:\/\/itapecerica.turismoguiado.com.br\/atrativos-turisticos\/#breadcrumb\"},\"inLanguage\":\"en-US\",\"potentialAction\":[{\"@type\":\"ReadAction\",\"target\":[\"http:\/\/itapecerica.turismoguiado.com.br\/atrativos-turisticos\/\"]}]},{\"@type\":\"BreadcrumbList\",\"@id\":\"http:\/\/itapecerica.turismoguiado.com.br\/atrativos-turisticos\/#breadcrumb\",\"itemListElement\":[{\"@type\":\"ListItem\",\"position\":1,\"name\":\"In\u00edcio\",\"item\":\"http:\/\/itapecerica.turismoguiado.com.br\/\"},{\"@type\":\"ListItem\",\"position\":2,\"name\":\"Atrativos Tur\u00edsticos\"}]},{\"@type\":\"WebSite\",\"@id\":\"http:\/\/itapecerica.turismoguiado.com.br\/#website\",\"url\":\"http:\/\/itapecerica.turismoguiado.com.br\/\",\"name\":\"Itapecerica da Serra - Turismo Guiado\",\"description\":\"\",\"publisher\":{\"@id\":\"http:\/\/itapecerica.turismoguiado.com.br\/#organization\"},\"potentialAction\":[{\"@type\":\"SearchAction\",\"target\":{\"@type\":\"EntryPoint\",\"urlTemplate\":\"http:\/\/itapecerica.turismoguiado.com.br\/?s={search_term_string}\"},\"query-input\":{\"@type\":\"PropertyValueSpecification\",\"valueRequired\":true,\"valueName\":\"search_term_string\"}}],\"inLanguage\":\"en-US\"},{\"@type\":\"Organization\",\"@id\":\"http:\/\/itapecerica.turismoguiado.com.br\/#organization\",\"name\":\"Turismo Guiado\",\"url\":\"http:\/\/itapecerica.turismoguiado.com.br\/\",\"logo\":{\"@type\":\"ImageObject\",\"inLanguage\":\"en-US\",\"@id\":\"http:\/\/itapecerica.turismoguiado.com.br\/#\/schema\/logo\/image\/\",\"url\":\"http:\/\/itapecerica.turismoguiado.com.br\/wp-content\/uploads\/2023\/07\/turismo-guiado-nome-de-cidade.png\",\"contentUrl\":\"http:\/\/itapecerica.turismoguiado.com.br\/wp-content\/uploads\/2023\/07\/turismo-guiado-nome-de-cidade.png\",\"width\":1080,\"height\":1080,\"caption\":\"Turismo Guiado\"},\"image\":{\"@id\":\"http:\/\/itapecerica.turismoguiado.com.br\/#\/schema\/logo\/image\/\"},\"sameAs\":[\"https:\/\/instagram.com\/turismoitapecerica\"]}]}<\/script>\n<!-- \/ Yoast SEO plugin. -->","yoast_head_json":{"title":"Atrativos Tur\u00edsticos - Itapecerica da Serra - Turismo Guiado","robots":{"index":"index","follow":"follow","max-snippet":"max-snippet:-1","max-image-preview":"max-image-preview:large","max-video-preview":"max-video-preview:-1"},"canonical":"http:\/\/itapecerica.turismoguiado.com.br\/en\/atrativos-turisticos\/","og_locale":"en_US","og_type":"article","og_title":"Atrativos Tur\u00edsticos - Itapecerica da Serra - Turismo Guiado","og_description":"Conhe\u00e7a abaixo alguns atrativos tur\u00edsticos do munic\u00edpio de Itapecerica da Serra que fazem parte do projeto Turismo Auto Guiado. Desde modo, \u00e9 poss\u00edvel compreender o contexto de pr\u00e9dios hist\u00f3ricos e atrativos tur\u00edsticos. Confira a lista abaixo: Beco do Embu MirimBiblioteca Municipal &#8211; Arthur Ricci de &hellip;","og_url":"http:\/\/itapecerica.turismoguiado.com.br\/en\/atrativos-turisticos\/","og_site_name":"Itapecerica da Serra - Turismo Guiado","article_modified_time":"2023-06-28T02:28:27+00:00","twitter_card":"summary_large_image","twitter_misc":{"Est. reading time":"1 minute"},"schema":{"@context":"https:\/\/schema.org","@graph":[{"@type":"WebPage","@id":"http:\/\/itapecerica.turismoguiado.com.br\/atrativos-turisticos\/","url":"http:\/\/itapecerica.turismoguiado.com.br\/atrativos-turisticos\/","name":"Atrativos Tur\u00edsticos - Itapecerica da Serra - Turismo Guiado","isPartOf":{"@id":"http:\/\/itapecerica.turismoguiado.com.br\/#website"},"datePublished":"2023-03-23T23:04:58+00:00","dateModified":"2023-06-28T02:28:27+00:00","breadcrumb":{"@id":"http:\/\/itapecerica.turismoguiado.com.br\/atrativos-turisticos\/#breadcrumb"},"inLanguage":"en-US","potentialAction":[{"@type":"ReadAction","target":["http:\/\/itapecerica.turismoguiado.com.br\/atrativos-turisticos\/"]}]},{"@type":"BreadcrumbList","@id":"http:\/\/itapecerica.turismoguiado.com.br\/atrativos-turisticos\/#breadcrumb","itemListElement":[{"@type":"ListItem","position":1,"name":"In\u00edcio","item":"http:\/\/itapecerica.turismoguiado.com.br\/"},{"@type":"ListItem","position":2,"name":"Atrativos Tur\u00edsticos"}]},{"@type":"WebSite","@id":"http:\/\/itapecerica.turismoguiado.com.br\/#website","url":"http:\/\/itapecerica.turismoguiado.com.br\/","name":"Itapecerica da Serra - Turismo Guiado","description":"","publisher":{"@id":"http:\/\/itapecerica.turismoguiado.com.br\/#organization"},"potentialAction":[{"@type":"SearchAction","target":{"@type":"EntryPoint","urlTemplate":"http:\/\/itapecerica.turismoguiado.com.br\/?s={search_term_string}"},"query-input":{"@type":"PropertyValueSpecification","valueRequired":true,"valueName":"search_term_string"}}],"inLanguage":"en-US"},{"@type":"Organization","@id":"http:\/\/itapecerica.turismoguiado.com.br\/#organization","name":"Turismo Guiado","url":"http:\/\/itapecerica.turismoguiado.com.br\/","logo":{"@type":"ImageObject","inLanguage":"en-US","@id":"http:\/\/itapecerica.turismoguiado.com.br\/#\/schema\/logo\/image\/","url":"http:\/\/itapecerica.turismoguiado.com.br\/wp-content\/uploads\/2023\/07\/turismo-guiado-nome-de-cidade.png","contentUrl":"http:\/\/itapecerica.turismoguiado.com.br\/wp-content\/uploads\/2023\/07\/turismo-guiado-nome-de-cidade.png","width":1080,"height":1080,"caption":"Turismo Guiado"},"image":{"@id":"http:\/\/itapecerica.turismoguiado.com.br\/#\/schema\/logo\/image\/"},"sameAs":["https:\/\/instagram.com\/turismoitapecerica"]}]}},"_links":{"self":[{"href":"http:\/\/itapecerica.turismoguiado.com.br\/en\/wp-json\/wp\/v2\/pages\/7","targetHints":{"allow":["GET"]}}],"collection":[{"href":"http:\/\/itapecerica.turismoguiado.com.br\/en\/wp-json\/wp\/v2\/pages"}],"about":[{"href":"http:\/\/itapecerica.turismoguiado.com.br\/en\/wp-json\/wp\/v2\/types\/page"}],"author":[{"embeddable":true,"href":"http:\/\/itapecerica.turismoguiado.com.br\/en\/wp-json\/wp\/v2\/users\/1"}],"replies":[{"embeddable":true,"href":"http:\/\/itapecerica.turismoguiado.com.br\/en\/wp-json\/wp\/v2\/comments?post=7"}],"version-history":[{"count":5,"href":"http:\/\/itapecerica.turismoguiado.com.br\/en\/wp-json\/wp\/v2\/pages\/7\/revisions"}],"predecessor-version":[{"id":593,"href":"http:\/\/itapecerica.turismoguiado.com.br\/en\/wp-json\/wp\/v2\/pages\/7\/revisions\/593"}],"wp:attachment":[{"href":"http:\/\/itapecerica.turismoguiado.com.br\/en\/wp-json\/wp\/v2\/media?parent=7"}],"curies":[{"name":"wp","href":"https:\/\/api.w.org\/{rel}","templated":true}]}}