{"id":8,"date":"2023-03-23T20:04:58","date_gmt":"2023-03-23T23:04:58","guid":{"rendered":"http:\/\/itapecerica.turismoguiado.com.br\/?page_id=8"},"modified":"2023-05-10T19:03:58","modified_gmt":"2023-05-10T22:03:58","slug":"contato","status":"publish","type":"page","link":"http:\/\/itapecerica.turismoguiado.com.br\/en\/contato\/","title":{"rendered":"Contact"},"content":{"rendered":"<p>Sua participa\u00e7\u00e3o \u00e9 fundamental para preservarmos nosso patrim\u00f4nio hist\u00f3rico e cultural da cidade e garantir que as gera\u00e7\u00f5es futuras conhe\u00e7am e valorizem a rica hist\u00f3ria da regi\u00e3o. Colabore compartilhando informa\u00e7\u00f5es, fotos, documentos e hist\u00f3rias atrav\u00e9s do nosso formul\u00e1rio abaixo ou pelo email <strong>contato@itapecerica.turismoguiado.com.br<\/strong><\/p>\n\n\n<div class=\"wpforms-container wpforms-container-full wpforms-block wpforms-block-356b64bd-8e47-4278-8ee1-f363bbbb3d93 wpforms-render-modern\" id=\"wpforms-334\"><form id=\"wpforms-form-334\" class=\"wpforms-validate wpforms-form wpforms-ajax-form\" data-formid=\"334\" method=\"post\" enctype=\"multipart\/form-data\" action=\"\/en\/wp-json\/wp\/v2\/pages\/8\" data-token=\"180ecd9bf1627ef40597562c1aaae438\" data-token-time=\"1775740875\" data-trp-original-action=\"\/en\/wp-json\/wp\/v2\/pages\/8\"><noscript class=\"wpforms-error-noscript\">Please enable JavaScript in your browser to complete this form.<\/noscript><div class=\"wpforms-hidden\" id=\"wpforms-error-noscript\">Please enable JavaScript in your browser to complete this form.<\/div><div class=\"wpforms-field-container\"><div id=\"wpforms-334-field_1-container\" class=\"wpforms-field wpforms-field-text\" data-field-id=\"1\"><label class=\"wpforms-field-label\" for=\"wpforms-334-field_1\">Nome:<\/label><input type=\"text\" id=\"wpforms-334-field_1\" class=\"wpforms-field-medium\" name=\"wpforms[fields][1]\" aria-errormessage=\"wpforms-334-field_1-error\" ><\/div><div id=\"wpforms-334-field_2-container\" class=\"wpforms-field wpforms-field-email\" data-field-id=\"2\"><label class=\"wpforms-field-label\" for=\"wpforms-334-field_2\">E-mail: <span class=\"wpforms-required-label\" aria-hidden=\"true\">*<\/span><\/label><input type=\"email\" id=\"wpforms-334-field_2\" class=\"wpforms-field-medium wpforms-field-required\" name=\"wpforms[fields][2]\" spellcheck=\"false\" aria-errormessage=\"wpforms-334-field_2-error\" required><\/div><div id=\"wpforms-334-field_3-container\" class=\"wpforms-field wpforms-field-textarea\" data-field-id=\"3\"><label class=\"wpforms-field-label\" for=\"wpforms-334-field_3\">Mensagem:<\/label><textarea id=\"wpforms-334-field_3\" class=\"wpforms-field-medium\" name=\"wpforms[fields][3]\" aria-errormessage=\"wpforms-334-field_3-error\" ><\/textarea><\/div><\/div><!-- .wpforms-field-container --><div class=\"wpforms-submit-container\" ><input type=\"hidden\" name=\"wpforms[id]\" value=\"334\"><input type=\"hidden\" name=\"page_title\" value=\"\"><input type=\"hidden\" name=\"page_url\" value=\"http:\/\/itapecerica.turismoguiado.com.br\/en\/wp-json\/wp\/v2\/pages\/8\"><input type=\"hidden\" name=\"url_referer\" value=\"\"><button type=\"submit\" name=\"wpforms[submit]\" id=\"wpforms-submit-334\" class=\"wpforms-submit\" data-alt-text=\"Enviando\u2026\" data-submit-text=\"Enviar\" aria-live=\"assertive\" value=\"wpforms-submit\">Enviar<\/button><img loading=\"lazy\" decoding=\"async\" src=\"http:\/\/itapecerica.turismoguiado.com.br\/wp-content\/plugins\/wpforms-lite\/assets\/images\/submit-spin.svg\" class=\"wpforms-submit-spinner\" style=\"display: none;\" width=\"26\" height=\"26\" alt=\"Loading\"><\/div><input type=\"hidden\" name=\"trp-form-language\" value=\"en\"\/><\/form><\/div>  <!-- .wpforms-container -->","protected":false},"excerpt":{"rendered":"<p>Sua participa\u00e7\u00e3o \u00e9 fundamental para preservarmos nosso patrim\u00f4nio hist\u00f3rico e cultural da cidade e garantir que as gera\u00e7\u00f5es futuras conhe\u00e7am e valorizem a rica hist\u00f3ria da regi\u00e3o. Colabore compartilhando informa\u00e7\u00f5es, fotos, documentos e hist\u00f3rias atrav\u00e9s do nosso formul\u00e1rio abaixo ou pelo email contato@itapecerica.turismoguiado.com.br<\/p>","protected":false},"author":1,"featured_media":0,"parent":0,"menu_order":0,"comment_status":"closed","ping_status":"closed","template":"","meta":{"footnotes":""},"class_list":["post-8","page","type-page","status-publish","hentry"],"yoast_head":"<!-- This site is optimized with the Yoast SEO plugin v24.8.1 - https:\/\/yoast.com\/wordpress\/plugins\/seo\/ -->\n<title>Contato - Itapecerica da Serra - Turismo Guiado<\/title>\n<meta name=\"robots\" content=\"index, follow, max-snippet:-1, max-image-preview:large, max-video-preview:-1\" \/>\n<link rel=\"canonical\" href=\"http:\/\/itapecerica.turismoguiado.com.br\/en\/contato\/\" \/>\n<meta property=\"og:locale\" content=\"en_US\" \/>\n<meta property=\"og:type\" content=\"article\" \/>\n<meta property=\"og:title\" content=\"Contato - Itapecerica da Serra - Turismo Guiado\" \/>\n<meta property=\"og:description\" content=\"Sua participa\u00e7\u00e3o \u00e9 fundamental para preservarmos nosso patrim\u00f4nio hist\u00f3rico e cultural da cidade e garantir que as gera\u00e7\u00f5es futuras conhe\u00e7am e valorizem a rica hist\u00f3ria da regi\u00e3o. Colabore compartilhando informa\u00e7\u00f5es, fotos, documentos e hist\u00f3rias atrav\u00e9s do nosso formul\u00e1rio abaixo ou pelo email contato@itapecerica.turismoguiado.com.br\" \/>\n<meta property=\"og:url\" content=\"http:\/\/itapecerica.turismoguiado.com.br\/en\/contato\/\" \/>\n<meta property=\"og:site_name\" content=\"Itapecerica da Serra - Turismo Guiado\" \/>\n<meta property=\"article:modified_time\" content=\"2023-05-10T22:03:58+00:00\" \/>\n<meta name=\"twitter:card\" content=\"summary_large_image\" \/>\n<script type=\"application\/ld+json\" class=\"yoast-schema-graph\">{\"@context\":\"https:\/\/schema.org\",\"@graph\":[{\"@type\":\"WebPage\",\"@id\":\"http:\/\/itapecerica.turismoguiado.com.br\/contato\/\",\"url\":\"http:\/\/itapecerica.turismoguiado.com.br\/contato\/\",\"name\":\"Contato - Itapecerica da Serra - Turismo Guiado\",\"isPartOf\":{\"@id\":\"http:\/\/itapecerica.turismoguiado.com.br\/#website\"},\"datePublished\":\"2023-03-23T23:04:58+00:00\",\"dateModified\":\"2023-05-10T22:03:58+00:00\",\"breadcrumb\":{\"@id\":\"http:\/\/itapecerica.turismoguiado.com.br\/contato\/#breadcrumb\"},\"inLanguage\":\"en-US\",\"potentialAction\":[{\"@type\":\"ReadAction\",\"target\":[\"http:\/\/itapecerica.turismoguiado.com.br\/contato\/\"]}]},{\"@type\":\"BreadcrumbList\",\"@id\":\"http:\/\/itapecerica.turismoguiado.com.br\/contato\/#breadcrumb\",\"itemListElement\":[{\"@type\":\"ListItem\",\"position\":1,\"name\":\"In\u00edcio\",\"item\":\"http:\/\/itapecerica.turismoguiado.com.br\/\"},{\"@type\":\"ListItem\",\"position\":2,\"name\":\"Contato\"}]},{\"@type\":\"WebSite\",\"@id\":\"http:\/\/itapecerica.turismoguiado.com.br\/#website\",\"url\":\"http:\/\/itapecerica.turismoguiado.com.br\/\",\"name\":\"Itapecerica da Serra - Turismo Guiado\",\"description\":\"\",\"publisher\":{\"@id\":\"http:\/\/itapecerica.turismoguiado.com.br\/#organization\"},\"potentialAction\":[{\"@type\":\"SearchAction\",\"target\":{\"@type\":\"EntryPoint\",\"urlTemplate\":\"http:\/\/itapecerica.turismoguiado.com.br\/?s={search_term_string}\"},\"query-input\":{\"@type\":\"PropertyValueSpecification\",\"valueRequired\":true,\"valueName\":\"search_term_string\"}}],\"inLanguage\":\"en-US\"},{\"@type\":\"Organization\",\"@id\":\"http:\/\/itapecerica.turismoguiado.com.br\/#organization\",\"name\":\"Turismo Guiado\",\"url\":\"http:\/\/itapecerica.turismoguiado.com.br\/\",\"logo\":{\"@type\":\"ImageObject\",\"inLanguage\":\"en-US\",\"@id\":\"http:\/\/itapecerica.turismoguiado.com.br\/#\/schema\/logo\/image\/\",\"url\":\"http:\/\/itapecerica.turismoguiado.com.br\/wp-content\/uploads\/2023\/07\/turismo-guiado-nome-de-cidade.png\",\"contentUrl\":\"http:\/\/itapecerica.turismoguiado.com.br\/wp-content\/uploads\/2023\/07\/turismo-guiado-nome-de-cidade.png\",\"width\":1080,\"height\":1080,\"caption\":\"Turismo Guiado\"},\"image\":{\"@id\":\"http:\/\/itapecerica.turismoguiado.com.br\/#\/schema\/logo\/image\/\"},\"sameAs\":[\"https:\/\/instagram.com\/turismoitapecerica\"]}]}<\/script>\n<!-- \/ Yoast SEO plugin. -->","yoast_head_json":{"title":"Contato - Itapecerica da Serra - Turismo Guiado","robots":{"index":"index","follow":"follow","max-snippet":"max-snippet:-1","max-image-preview":"max-image-preview:large","max-video-preview":"max-video-preview:-1"},"canonical":"http:\/\/itapecerica.turismoguiado.com.br\/en\/contato\/","og_locale":"en_US","og_type":"article","og_title":"Contato - Itapecerica da Serra - Turismo Guiado","og_description":"Sua participa\u00e7\u00e3o \u00e9 fundamental para preservarmos nosso patrim\u00f4nio hist\u00f3rico e cultural da cidade e garantir que as gera\u00e7\u00f5es futuras conhe\u00e7am e valorizem a rica hist\u00f3ria da regi\u00e3o. Colabore compartilhando informa\u00e7\u00f5es, fotos, documentos e hist\u00f3rias atrav\u00e9s do nosso formul\u00e1rio abaixo ou pelo email contato@itapecerica.turismoguiado.com.br","og_url":"http:\/\/itapecerica.turismoguiado.com.br\/en\/contato\/","og_site_name":"Itapecerica da Serra - Turismo Guiado","article_modified_time":"2023-05-10T22:03:58+00:00","twitter_card":"summary_large_image","schema":{"@context":"https:\/\/schema.org","@graph":[{"@type":"WebPage","@id":"http:\/\/itapecerica.turismoguiado.com.br\/contato\/","url":"http:\/\/itapecerica.turismoguiado.com.br\/contato\/","name":"Contato - Itapecerica da Serra - Turismo Guiado","isPartOf":{"@id":"http:\/\/itapecerica.turismoguiado.com.br\/#website"},"datePublished":"2023-03-23T23:04:58+00:00","dateModified":"2023-05-10T22:03:58+00:00","breadcrumb":{"@id":"http:\/\/itapecerica.turismoguiado.com.br\/contato\/#breadcrumb"},"inLanguage":"en-US","potentialAction":[{"@type":"ReadAction","target":["http:\/\/itapecerica.turismoguiado.com.br\/contato\/"]}]},{"@type":"BreadcrumbList","@id":"http:\/\/itapecerica.turismoguiado.com.br\/contato\/#breadcrumb","itemListElement":[{"@type":"ListItem","position":1,"name":"In\u00edcio","item":"http:\/\/itapecerica.turismoguiado.com.br\/"},{"@type":"ListItem","position":2,"name":"Contato"}]},{"@type":"WebSite","@id":"http:\/\/itapecerica.turismoguiado.com.br\/#website","url":"http:\/\/itapecerica.turismoguiado.com.br\/","name":"Itapecerica da Serra - Turismo Guiado","description":"","publisher":{"@id":"http:\/\/itapecerica.turismoguiado.com.br\/#organization"},"potentialAction":[{"@type":"SearchAction","target":{"@type":"EntryPoint","urlTemplate":"http:\/\/itapecerica.turismoguiado.com.br\/?s={search_term_string}"},"query-input":{"@type":"PropertyValueSpecification","valueRequired":true,"valueName":"search_term_string"}}],"inLanguage":"en-US"},{"@type":"Organization","@id":"http:\/\/itapecerica.turismoguiado.com.br\/#organization","name":"Turismo Guiado","url":"http:\/\/itapecerica.turismoguiado.com.br\/","logo":{"@type":"ImageObject","inLanguage":"en-US","@id":"http:\/\/itapecerica.turismoguiado.com.br\/#\/schema\/logo\/image\/","url":"http:\/\/itapecerica.turismoguiado.com.br\/wp-content\/uploads\/2023\/07\/turismo-guiado-nome-de-cidade.png","contentUrl":"http:\/\/itapecerica.turismoguiado.com.br\/wp-content\/uploads\/2023\/07\/turismo-guiado-nome-de-cidade.png","width":1080,"height":1080,"caption":"Turismo Guiado"},"image":{"@id":"http:\/\/itapecerica.turismoguiado.com.br\/#\/schema\/logo\/image\/"},"sameAs":["https:\/\/instagram.com\/turismoitapecerica"]}]}},"_links":{"self":[{"href":"http:\/\/itapecerica.turismoguiado.com.br\/en\/wp-json\/wp\/v2\/pages\/8","targetHints":{"allow":["GET"]}}],"collection":[{"href":"http:\/\/itapecerica.turismoguiado.com.br\/en\/wp-json\/wp\/v2\/pages"}],"about":[{"href":"http:\/\/itapecerica.turismoguiado.com.br\/en\/wp-json\/wp\/v2\/types\/page"}],"author":[{"embeddable":true,"href":"http:\/\/itapecerica.turismoguiado.com.br\/en\/wp-json\/wp\/v2\/users\/1"}],"replies":[{"embeddable":true,"href":"http:\/\/itapecerica.turismoguiado.com.br\/en\/wp-json\/wp\/v2\/comments?post=8"}],"version-history":[{"count":4,"href":"http:\/\/itapecerica.turismoguiado.com.br\/en\/wp-json\/wp\/v2\/pages\/8\/revisions"}],"predecessor-version":[{"id":407,"href":"http:\/\/itapecerica.turismoguiado.com.br\/en\/wp-json\/wp\/v2\/pages\/8\/revisions\/407"}],"wp:attachment":[{"href":"http:\/\/itapecerica.turismoguiado.com.br\/en\/wp-json\/wp\/v2\/media?parent=8"}],"curies":[{"name":"wp","href":"https:\/\/api.w.org\/{rel}","templated":true}]}}