{"id":9,"date":"2023-03-23T20:04:59","date_gmt":"2023-03-23T23:04:59","guid":{"rendered":"http:\/\/itapecerica.turismoguiado.com.br\/?page_id=9"},"modified":"2023-07-17T16:19:31","modified_gmt":"2023-07-17T19:19:31","slug":"mapas-turisticos","status":"publish","type":"page","link":"http:\/\/itapecerica.turismoguiado.com.br\/en\/mapas-turisticos\/","title":{"rendered":"Tourist Maps"},"content":{"rendered":"<p>O Mapa &#8220;Conhe\u00e7a Itapecerica da Serra&#8221; \u00e9 uma realiza\u00e7\u00e3o Prefeitura de Itapecerica da Serra. Ao navegar pelos bal\u00f5es coloridos, \u00e9 poss\u00edvel identificar espa\u00e7os p\u00fablicos e principais pontos tur\u00edsticos da cidade. Para acesso \u00e9 s\u00f3 clicar nos \u00edcones correspondentes aos espa\u00e7os (Gin\u00e1sio de Esportes, Espa\u00e7o Cultural, Museu, Semin\u00e1rio, etc). O recurso apresenta informa\u00e7\u00f5es, sempre com imagem do local.<\/p>\n\n\n\n<iframe loading=\"lazy\" src=\"https:\/\/www.google.com\/maps\/d\/embed?mid=1A-IphrOBDp_mlMvkLNDYYnAUoipF-lNR&#038;ehbc=2E312F\" width=\"640\" height=\"480\"><\/iframe>\n\n\n\n<h2 class=\"wp-block-heading\">Gastronomy Map<\/h2>\n\n\n\n<iframe loading=\"lazy\" src=\"https:\/\/www.google.com\/maps\/d\/embed?mid=1eqDjkmI8X6u7X7N-U3Sm6drs-eGD5ss&#038;ehbc=2E312F\" width=\"640\" height=\"480\"><\/iframe>\n\n\n\n<h2 class=\"wp-block-heading\">Accommodation and event spaces<\/h2>\n\n\n\n<p>Itapecerica da Serra stands out for the work of entrepreneurs in the event segment, it is estimated a tourist demand of 15 thousand people per weekend, almost 800 thousand per year.<br>The accommodation sector comprises a diversified offer, totaling more than 1,300 beds and more than 350 housing units, available to accommodate any type of tourist. Check out our accommodation and event spaces on the map below:<\/p>\n\n\n\n<iframe loading=\"lazy\" src=\"https:\/\/www.google.com\/maps\/d\/embed?mid=1l9m3V6DRDhz7dqkCQ_yhT-3bCj3gB841&#038;ehbc=2E312F\" width=\"640\" height=\"480\"><\/iframe>\n\n\n\n<h2 class=\"wp-block-heading\">Pesqueiros<\/h2>\n\n\n\n<p>Com ambientes tranquilos e belos lagos, os pesqueiros em Itapecerica da Serra atraem pescadores de todos os n\u00edveis de experi\u00eancia, oferecendo a oportunidade de desfrutar de momentos gratificantes de pesca esportiva. Al\u00e9m disso, muitos pesqueiros contam com infraestrutura para churrascos e \u00e1reas de lazer, tornando-os destinos ideais para passeios em fam\u00edlia ou entre amigos. O mapa facilita a localiza\u00e7\u00e3o dos pesqueiros e auxilia os visitantes a aproveitarem ao m\u00e1ximo esses locais:<\/p>\n\n\n\n<iframe loading=\"lazy\" src=\"https:\/\/www.google.com\/maps\/d\/embed?mid=1yaj0hMsgxw8gLqNFFVdApUqmNEuQMu8&#038;ehbc=2E312F\" width=\"640\" height=\"480\"><\/iframe>\n\n\n\n<h2 class=\"wp-block-heading\">BONUS: VIDEO ABOUT TOURISM IN ITAPECERICA DA SERRA-SP:<\/h2>\n\n\n\n<figure class=\"wp-block-embed is-type-video is-provider-youtube wp-block-embed-youtube wp-embed-aspect-16-9 wp-has-aspect-ratio\"><div class=\"wp-block-embed__wrapper\">\n<iframe loading=\"lazy\" title=\"V\u00eddeo institucional - Turismo de Itapecerica da Serra\" width=\"910\" height=\"512\" src=\"https:\/\/www.youtube.com\/embed\/j8hwBCjxiLc?feature=oembed\" frameborder=\"0\" allow=\"accelerometer; autoplay; clipboard-write; encrypted-media; gyroscope; picture-in-picture; web-share\" allowfullscreen><\/iframe>\n<\/div><\/figure>","protected":false},"excerpt":{"rendered":"<p>O Mapa &#8220;Conhe\u00e7a Itapecerica da Serra&#8221; \u00e9 uma realiza\u00e7\u00e3o Prefeitura de Itapecerica da Serra. Ao navegar pelos bal\u00f5es coloridos, \u00e9 poss\u00edvel identificar espa\u00e7os p\u00fablicos e principais pontos tur\u00edsticos da cidade. Para acesso \u00e9 s\u00f3 clicar nos \u00edcones correspondentes aos espa\u00e7os (Gin\u00e1sio de Esportes, Espa\u00e7o Cultural, &hellip; <\/p>","protected":false},"author":1,"featured_media":0,"parent":0,"menu_order":0,"comment_status":"closed","ping_status":"closed","template":"","meta":{"footnotes":""},"class_list":["post-9","page","type-page","status-publish","hentry"],"yoast_head":"<!-- This site is optimized with the Yoast SEO plugin v24.8.1 - https:\/\/yoast.com\/wordpress\/plugins\/seo\/ -->\n<title>Mapas Tur\u00edsticos - Itapecerica da Serra - Turismo Guiado<\/title>\n<meta name=\"robots\" content=\"index, follow, max-snippet:-1, max-image-preview:large, max-video-preview:-1\" \/>\n<link rel=\"canonical\" href=\"https:\/\/itapecerica.turismoguiado.com.br\/en\/mapas-turisticos\/\" \/>\n<meta property=\"og:locale\" content=\"en_US\" \/>\n<meta property=\"og:type\" content=\"article\" \/>\n<meta property=\"og:title\" content=\"Mapas Tur\u00edsticos - Itapecerica da Serra - Turismo Guiado\" \/>\n<meta property=\"og:description\" content=\"O Mapa &#8220;Conhe\u00e7a Itapecerica da Serra&#8221; \u00e9 uma realiza\u00e7\u00e3o Prefeitura de Itapecerica da Serra. Ao navegar pelos bal\u00f5es coloridos, \u00e9 poss\u00edvel identificar espa\u00e7os p\u00fablicos e principais pontos tur\u00edsticos da cidade. Para acesso \u00e9 s\u00f3 clicar nos \u00edcones correspondentes aos espa\u00e7os (Gin\u00e1sio de Esportes, Espa\u00e7o Cultural, &hellip;\" \/>\n<meta property=\"og:url\" content=\"https:\/\/itapecerica.turismoguiado.com.br\/en\/mapas-turisticos\/\" \/>\n<meta property=\"og:site_name\" content=\"Itapecerica da Serra - Turismo Guiado\" \/>\n<meta property=\"article:modified_time\" content=\"2023-07-17T19:19:31+00:00\" \/>\n<meta name=\"twitter:card\" content=\"summary_large_image\" \/>\n<meta name=\"twitter:label1\" content=\"Est. reading time\" \/>\n\t<meta name=\"twitter:data1\" content=\"1 minute\" \/>\n<script type=\"application\/ld+json\" class=\"yoast-schema-graph\">{\"@context\":\"https:\/\/schema.org\",\"@graph\":[{\"@type\":\"WebPage\",\"@id\":\"https:\/\/itapecerica.turismoguiado.com.br\/mapas-turisticos\/\",\"url\":\"https:\/\/itapecerica.turismoguiado.com.br\/mapas-turisticos\/\",\"name\":\"Mapas Tur\u00edsticos - Itapecerica da Serra - Turismo Guiado\",\"isPartOf\":{\"@id\":\"http:\/\/itapecerica.turismoguiado.com.br\/#website\"},\"datePublished\":\"2023-03-23T23:04:59+00:00\",\"dateModified\":\"2023-07-17T19:19:31+00:00\",\"breadcrumb\":{\"@id\":\"https:\/\/itapecerica.turismoguiado.com.br\/mapas-turisticos\/#breadcrumb\"},\"inLanguage\":\"en-US\",\"potentialAction\":[{\"@type\":\"ReadAction\",\"target\":[\"https:\/\/itapecerica.turismoguiado.com.br\/mapas-turisticos\/\"]}]},{\"@type\":\"BreadcrumbList\",\"@id\":\"https:\/\/itapecerica.turismoguiado.com.br\/mapas-turisticos\/#breadcrumb\",\"itemListElement\":[{\"@type\":\"ListItem\",\"position\":1,\"name\":\"In\u00edcio\",\"item\":\"http:\/\/itapecerica.turismoguiado.com.br\/\"},{\"@type\":\"ListItem\",\"position\":2,\"name\":\"Mapas Tur\u00edsticos\"}]},{\"@type\":\"WebSite\",\"@id\":\"http:\/\/itapecerica.turismoguiado.com.br\/#website\",\"url\":\"http:\/\/itapecerica.turismoguiado.com.br\/\",\"name\":\"Itapecerica da Serra - Turismo Guiado\",\"description\":\"\",\"publisher\":{\"@id\":\"http:\/\/itapecerica.turismoguiado.com.br\/#organization\"},\"potentialAction\":[{\"@type\":\"SearchAction\",\"target\":{\"@type\":\"EntryPoint\",\"urlTemplate\":\"http:\/\/itapecerica.turismoguiado.com.br\/?s={search_term_string}\"},\"query-input\":{\"@type\":\"PropertyValueSpecification\",\"valueRequired\":true,\"valueName\":\"search_term_string\"}}],\"inLanguage\":\"en-US\"},{\"@type\":\"Organization\",\"@id\":\"http:\/\/itapecerica.turismoguiado.com.br\/#organization\",\"name\":\"Turismo Guiado\",\"url\":\"http:\/\/itapecerica.turismoguiado.com.br\/\",\"logo\":{\"@type\":\"ImageObject\",\"inLanguage\":\"en-US\",\"@id\":\"http:\/\/itapecerica.turismoguiado.com.br\/#\/schema\/logo\/image\/\",\"url\":\"http:\/\/itapecerica.turismoguiado.com.br\/wp-content\/uploads\/2023\/07\/turismo-guiado-nome-de-cidade.png\",\"contentUrl\":\"http:\/\/itapecerica.turismoguiado.com.br\/wp-content\/uploads\/2023\/07\/turismo-guiado-nome-de-cidade.png\",\"width\":1080,\"height\":1080,\"caption\":\"Turismo Guiado\"},\"image\":{\"@id\":\"http:\/\/itapecerica.turismoguiado.com.br\/#\/schema\/logo\/image\/\"},\"sameAs\":[\"https:\/\/instagram.com\/turismoitapecerica\"]}]}<\/script>\n<!-- \/ Yoast SEO plugin. -->","yoast_head_json":{"title":"Mapas Tur\u00edsticos - Itapecerica da Serra - Turismo Guiado","robots":{"index":"index","follow":"follow","max-snippet":"max-snippet:-1","max-image-preview":"max-image-preview:large","max-video-preview":"max-video-preview:-1"},"canonical":"https:\/\/itapecerica.turismoguiado.com.br\/en\/mapas-turisticos\/","og_locale":"en_US","og_type":"article","og_title":"Mapas Tur\u00edsticos - Itapecerica da Serra - Turismo Guiado","og_description":"O Mapa &#8220;Conhe\u00e7a Itapecerica da Serra&#8221; \u00e9 uma realiza\u00e7\u00e3o Prefeitura de Itapecerica da Serra. Ao navegar pelos bal\u00f5es coloridos, \u00e9 poss\u00edvel identificar espa\u00e7os p\u00fablicos e principais pontos tur\u00edsticos da cidade. Para acesso \u00e9 s\u00f3 clicar nos \u00edcones correspondentes aos espa\u00e7os (Gin\u00e1sio de Esportes, Espa\u00e7o Cultural, &hellip;","og_url":"https:\/\/itapecerica.turismoguiado.com.br\/en\/mapas-turisticos\/","og_site_name":"Itapecerica da Serra - Turismo Guiado","article_modified_time":"2023-07-17T19:19:31+00:00","twitter_card":"summary_large_image","twitter_misc":{"Est. reading time":"1 minute"},"schema":{"@context":"https:\/\/schema.org","@graph":[{"@type":"WebPage","@id":"https:\/\/itapecerica.turismoguiado.com.br\/mapas-turisticos\/","url":"https:\/\/itapecerica.turismoguiado.com.br\/mapas-turisticos\/","name":"Mapas Tur\u00edsticos - Itapecerica da Serra - Turismo Guiado","isPartOf":{"@id":"http:\/\/itapecerica.turismoguiado.com.br\/#website"},"datePublished":"2023-03-23T23:04:59+00:00","dateModified":"2023-07-17T19:19:31+00:00","breadcrumb":{"@id":"https:\/\/itapecerica.turismoguiado.com.br\/mapas-turisticos\/#breadcrumb"},"inLanguage":"en-US","potentialAction":[{"@type":"ReadAction","target":["https:\/\/itapecerica.turismoguiado.com.br\/mapas-turisticos\/"]}]},{"@type":"BreadcrumbList","@id":"https:\/\/itapecerica.turismoguiado.com.br\/mapas-turisticos\/#breadcrumb","itemListElement":[{"@type":"ListItem","position":1,"name":"In\u00edcio","item":"http:\/\/itapecerica.turismoguiado.com.br\/"},{"@type":"ListItem","position":2,"name":"Mapas Tur\u00edsticos"}]},{"@type":"WebSite","@id":"http:\/\/itapecerica.turismoguiado.com.br\/#website","url":"http:\/\/itapecerica.turismoguiado.com.br\/","name":"Itapecerica da Serra - Turismo Guiado","description":"","publisher":{"@id":"http:\/\/itapecerica.turismoguiado.com.br\/#organization"},"potentialAction":[{"@type":"SearchAction","target":{"@type":"EntryPoint","urlTemplate":"http:\/\/itapecerica.turismoguiado.com.br\/?s={search_term_string}"},"query-input":{"@type":"PropertyValueSpecification","valueRequired":true,"valueName":"search_term_string"}}],"inLanguage":"en-US"},{"@type":"Organization","@id":"http:\/\/itapecerica.turismoguiado.com.br\/#organization","name":"Turismo Guiado","url":"http:\/\/itapecerica.turismoguiado.com.br\/","logo":{"@type":"ImageObject","inLanguage":"en-US","@id":"http:\/\/itapecerica.turismoguiado.com.br\/#\/schema\/logo\/image\/","url":"http:\/\/itapecerica.turismoguiado.com.br\/wp-content\/uploads\/2023\/07\/turismo-guiado-nome-de-cidade.png","contentUrl":"http:\/\/itapecerica.turismoguiado.com.br\/wp-content\/uploads\/2023\/07\/turismo-guiado-nome-de-cidade.png","width":1080,"height":1080,"caption":"Turismo Guiado"},"image":{"@id":"http:\/\/itapecerica.turismoguiado.com.br\/#\/schema\/logo\/image\/"},"sameAs":["https:\/\/instagram.com\/turismoitapecerica"]}]}},"_links":{"self":[{"href":"http:\/\/itapecerica.turismoguiado.com.br\/en\/wp-json\/wp\/v2\/pages\/9","targetHints":{"allow":["GET"]}}],"collection":[{"href":"http:\/\/itapecerica.turismoguiado.com.br\/en\/wp-json\/wp\/v2\/pages"}],"about":[{"href":"http:\/\/itapecerica.turismoguiado.com.br\/en\/wp-json\/wp\/v2\/types\/page"}],"author":[{"embeddable":true,"href":"http:\/\/itapecerica.turismoguiado.com.br\/en\/wp-json\/wp\/v2\/users\/1"}],"replies":[{"embeddable":true,"href":"http:\/\/itapecerica.turismoguiado.com.br\/en\/wp-json\/wp\/v2\/comments?post=9"}],"version-history":[{"count":4,"href":"http:\/\/itapecerica.turismoguiado.com.br\/en\/wp-json\/wp\/v2\/pages\/9\/revisions"}],"predecessor-version":[{"id":614,"href":"http:\/\/itapecerica.turismoguiado.com.br\/en\/wp-json\/wp\/v2\/pages\/9\/revisions\/614"}],"wp:attachment":[{"href":"http:\/\/itapecerica.turismoguiado.com.br\/en\/wp-json\/wp\/v2\/media?parent=9"}],"curies":[{"name":"wp","href":"https:\/\/api.w.org\/{rel}","templated":true}]}}